{"id":8731,"date":"2024-03-25T15:15:30","date_gmt":"2024-03-25T14:15:30","guid":{"rendered":"https:\/\/www.provence4u.com\/entdeckungen\/"},"modified":"2024-08-02T08:01:58","modified_gmt":"2024-08-02T06:01:58","slug":"entdeckungen","status":"publish","type":"page","link":"https:\/\/www.provence4u.com\/de\/information\/entdeckungen\/","title":{"rendered":"Entdeckungen"},"content":{"rendered":"<p>[et_pb_section fb_built=\u201c1\u201d custom_padding_last_edited=\u201con|phone\u201d _builder_version=\u201c4.24.2\u201d _module_preset=\u201cdefault\u201d background_image=\u201chttps:\/\/www.provence4u.com\/wp-content\/uploads\/2024\/03\/activities-2-wide.jpg\u201d background_position=\u201ctop_center\u201d custom_margin=\u201d||||false|false\u201d custom_margin_tablet=\u201d||||false|false\u201d custom_margin_phone=\u201d||||false|false\u201d custom_margin_last_edited=\u201con|desktop\u201d custom_padding=\u201c300px||300px||true|false\u201d custom_padding_tablet=\u201c150px||150px||false|false\u201d custom_padding_phone=\u201c150px||150px||true|false\u201d locked=\u201coff\u201d global_colors_info=\u201d{}\u201d][\/et_pb_section][et_pb_section fb_built=\u201c1\u201d _builder_version=\u201c4.20.2\u201d _module_preset=\u201cdefault\u201d global_colors_info=\u201d{}\u201d][et_pb_row column_structure=\u201c2_5,3_5\u201d use_custom_gutter=\u201con\u201d gutter_width=\u201c2\u201d make_equal=\u201con\u201d module_id=\u201creverse-columns\u201d module_class=\u201creverse-columns\u201d _builder_version=\u201c4.24.2\u201d _module_preset=\u201cdefault\u201d custom_margin=\u201d-300px||50px||false|false\u201d custom_margin_tablet=\u201c0px||||false|false\u201d custom_margin_phone=\u201c0px||||false|false\u201d custom_margin_last_edited=\u201con|tablet\u201d custom_css_main_element=\u201calign-items: flex-end;\u201d global_colors_info=\u201d{}\u201d][et_pb_column type=\u201c2_5\u201d _builder_version=\u201c4.24.2\u201d _module_preset=\u201cdefault\u201d custom_padding_tablet=\u201c60px||||false|false\u201d custom_padding_phone=\u201c50px||||false|false\u201d custom_padding_last_edited=\u201con|phone\u201d global_colors_info=\u201d{}\u201d][\/et_pb_column][et_pb_column type=\u201c3_5\u201d _builder_version=\u201c4.24.2\u201d _module_preset=\u201cdefault\u201d background_color=\u201c#f6f5f1\u201d custom_padding=\u201c50px|50px|50px|50px|true|true\u201d custom_padding_tablet=\u201c30px|30px|30px|30px|true|true\u201d custom_padding_phone=\u201c20px|20px|20px|20px|true|true\u201d custom_padding_last_edited=\u201con|tablet\u201d border_radii=\u201con|5px|5px|5px|5px\u201d box_shadow_style=\u201cpreset1\u201d box_shadow_blur=\u201c30px\u201d box_shadow_color=\u201crgba(0,0,0,0.16)\u201d global_colors_info=\u201d{}\u201d][et_pb_text _builder_version=\u201c4.25.1\u201d _module_preset=\u201cdefault\u201d text_font=\u201d||||||||\u201d header_2_font=\u201cIbarra Real Nova|500|||||||\u201d header_2_text_align=\u201ccenter\u201d header_2_text_color=\u201c#e5c8a0\u201d header_2_font_size=\u201c80px\u201d header_2_letter_spacing=\u201d-2px\u201d custom_margin=\u201d||||false|false\u201d custom_margin_tablet=\u201d\u201d custom_margin_phone=\u201c30px||||false|false\u201d custom_margin_last_edited=\u201con|phone\u201d hover_enabled=\u201c0\u201d header_2_font_size_tablet=\u201d\u201d header_2_font_size_phone=\u201c50px\u201d header_2_font_size_last_edited=\u201con|phone\u201d global_colors_info=\u201d{}\u201d sticky_enabled=\u201c0\u201d]<\/p>\n<h2>Entdeckungen<\/h2>\n<p>[\/et_pb_text][et_pb_text _builder_version=\u201c4.25.1\u201d _module_preset=\u201cdefault\u201d text_line_height=\u201c1.75em\u201d hover_enabled=\u201c0\u201d text_font_size_tablet=\u201d\u201d text_font_size_phone=\u201d\u201d text_font_size_last_edited=\u201con|phone\u201d global_colors_info=\u201d{}\u201d sticky_enabled=\u201c0\u201d]Die Provence und das Var sind ein Land der Lebens\u00adfreude und der Sch\u00f6n\u00adheit. Wir helfen Ihnen bei der Auswahl unvergesslich\u00ader Ent\u00addeck\u00adun\u00adgen \u2014 die fr\u00f6h\u00adliche Atmo\u00adsph\u00e4re der M\u00e4rk\u00adte in unseren D\u00f6r\u00adfern, ihre Feste, die Ausstel\u00adlun\u00adgen der Kun\u00adsthandw\u00aderk\u00ader, die majest\u00e4tis\u00adchen Heiligt\u00fcmer und Panora\u00admen, die Str\u00e4nde der C\u00f4te d\u2019Azur, der Canyon du Ver\u00addon am Rande der Alpen, die kul\u00adturelle Vital\u00adit\u00e4t von Aix en Provence, Mar\u00adseille \u2026 Aber nehmen Sie sich Zeit, um sich die Lust auf zahlre\u00adiche R\u00fcck\u00adreisen zu bewahren![\/et_pb_text][\/et_pb_column][\/et_pb_row][et_pb_row column_structure=\u201c1_5,3_5,1_5\u201d _builder_version=\u201c4.24.2\u201d _module_preset=\u201cdefault\u201d custom_margin=\u201d||||false|false\u201d custom_padding=\u201c20px||60px||false|false\u201d locked=\u201coff\u201d global_colors_info=\u201d{}\u201d][et_pb_column type=\u201c1_5\u201d _builder_version=\u201c4.20.2\u201d _module_preset=\u201cdefault\u201d global_colors_info=\u201d{}\u201d][\/et_pb_column][et_pb_column type=\u201c3_5\u201d _builder_version=\u201c4.20.2\u201d _module_preset=\u201cdefault\u201d global_colors_info=\u201d{}\u201d][et_pb_code _builder_version=\u201c4.24.2\u201d _module_preset=\u201cdefault\u201d min_height=\u201c600px\u201d min_height_tablet=\u201c600px\u201d min_height_phone=\u201c600px\u201d min_height_last_edited=\u201con|desktop\u201d global_colors_info=\u201d{}\u201d]<iframe loading=\"lazy\" style=\"overflow: hidden; height: 100%; width: 100%; min-height: 600px;\" src=\"https:\/\/www.la-provence-verte.net\/actualites\/module-manifestations.php?ville=\" name=\"manifestations\" width=\"100%\" height=\"600\" frameborder=\"0\"><\/iframe>[\/et_pb_code][\/et_pb_column][et_pb_column type=\u201c1_5\u201d _builder_version=\u201c4.20.2\u201d _module_preset=\u201cdefault\u201d global_colors_info=\u201d{}\u201d][\/et_pb_column][\/et_pb_row][\/et_pb_section]<\/p>\n","protected":false},"excerpt":{"rendered":"<p>Ent\u00addeck\u00adun\u00adgenDie Provence und das Var sind ein Land der Lebens\u00adfreude und der Sch\u00f6n\u00adheit. Wir helfen Ihnen bei der Auswahl unvergesslich\u00ader Ent\u00addeck\u00adun\u00adgen \u2014 die fr\u00f6h\u00adliche Atmo\u00adsph\u00e4re der M\u00e4rk\u00adte in unseren D\u00f6r\u00adfern, ihre Feste, die Ausstel\u00adlun\u00adgen der Kun\u00adsthandw\u00aderk\u00ader, die majest\u00e4tis\u00adchen Heiligt\u00fcmer und Panora\u00admen, die Str\u00e4nde der C\u00f4te d\u2019Azur, der Canyon du Ver\u00addon am Rande der Alpen, die [\u2026]<\/p>\n","protected":false},"author":1,"featured_media":0,"parent":8945,"menu_order":0,"comment_status":"closed","ping_status":"closed","template":"","meta":{"_et_pb_use_builder":"on","_et_pb_old_content":"","_et_gb_content_width":"","wp_typography_post_enhancements_disabled":false,"footnotes":""},"dipi_cpt_category":[],"class_list":["post-8731","page","type-page","status-publish","hentry"],"yoast_head":"<!-- This site is optimized with the Yoast SEO plugin v27.4 - https:\/\/yoast.com\/product\/yoast-seo-wordpress\/ -->\n<title>Entdecken Sie Dorfm\u00e4rkte, Feste und Str\u00e4nde der C\u00f4te d&#039;Azur<\/title>\n<meta name=\"description\" content=\"Entdecken Sie Dorfm\u00e4rkte und -feste, Handwerksausstellungen, die Str\u00e4nde der C\u00f4te d&#039;Azur und die Verdon-Schlucht am Tor zu den Alpen.\" \/>\n<meta name=\"robots\" content=\"index, follow, max-snippet:-1, max-image-preview:large, max-video-preview:-1\" \/>\n<link rel=\"canonical\" href=\"https:\/\/www.provence4u.com\/de\/information\/entdeckungen\/\" \/>\n<meta property=\"og:locale\" content=\"de_DE\" \/>\n<meta property=\"og:type\" content=\"article\" \/>\n<meta property=\"og:title\" content=\"Entdecken Sie Dorfm\u00e4rkte, Feste und Str\u00e4nde der C\u00f4te d&#039;Azur\" \/>\n<meta property=\"og:description\" content=\"Entdecken Sie Dorfm\u00e4rkte und -feste, Handwerksausstellungen, die Str\u00e4nde der C\u00f4te d&#039;Azur und die Verdon-Schlucht am Tor zu den Alpen.\" \/>\n<meta property=\"og:url\" content=\"https:\/\/www.provence4u.com\/de\/information\/entdeckungen\/\" \/>\n<meta property=\"og:site_name\" content=\"Une Campagne en Provence\" \/>\n<meta property=\"article:publisher\" content=\"https:\/\/www.facebook.com\/provencerelax\" \/>\n<meta property=\"article:modified_time\" content=\"2024-08-02T06:01:58+00:00\" \/>\n<meta property=\"og:image\" content=\"https:\/\/www.provence4u.com\/wp-content\/uploads\/2024\/02\/Une-Campagne-en-Provence.jpg\" \/>\n\t<meta property=\"og:image:width\" content=\"1920\" \/>\n\t<meta property=\"og:image:height\" content=\"1100\" \/>\n\t<meta property=\"og:image:type\" content=\"image\/jpeg\" \/>\n<meta name=\"twitter:card\" content=\"summary_large_image\" \/>\n<meta name=\"twitter:label1\" content=\"Gesch\u00e4tzte Lesezeit\" \/>\n\t<meta name=\"twitter:data1\" content=\"1\u00a0Minute\" \/>\n<script type=\"application\/ld+json\" class=\"yoast-schema-graph\">{\"@context\":\"https:\\\/\\\/schema.org\",\"@graph\":[{\"@type\":\"WebPage\",\"@id\":\"https:\\\/\\\/www.provence4u.com\\\/de\\\/information\\\/entdeckungen\\\/\",\"url\":\"https:\\\/\\\/www.provence4u.com\\\/de\\\/information\\\/entdeckungen\\\/\",\"name\":\"Entdecken Sie Dorfm\u00e4rkte, Feste und Str\u00e4nde der C\u00f4te d'Azur\",\"isPartOf\":{\"@id\":\"https:\\\/\\\/www.provence4u.com\\\/de\\\/#website\"},\"datePublished\":\"2024-03-25T14:15:30+00:00\",\"dateModified\":\"2024-08-02T06:01:58+00:00\",\"description\":\"Entdecken Sie Dorfm\u00e4rkte und -feste, Handwerksausstellungen, die Str\u00e4nde der C\u00f4te d'Azur und die Verdon-Schlucht am Tor zu den Alpen.\",\"breadcrumb\":{\"@id\":\"https:\\\/\\\/www.provence4u.com\\\/de\\\/information\\\/entdeckungen\\\/#breadcrumb\"},\"inLanguage\":\"de\",\"potentialAction\":[{\"@type\":\"ReadAction\",\"target\":[\"https:\\\/\\\/www.provence4u.com\\\/de\\\/information\\\/entdeckungen\\\/\"]}]},{\"@type\":\"BreadcrumbList\",\"@id\":\"https:\\\/\\\/www.provence4u.com\\\/de\\\/information\\\/entdeckungen\\\/#breadcrumb\",\"itemListElement\":[{\"@type\":\"ListItem\",\"position\":1,\"name\":\"Home\",\"item\":\"https:\\\/\\\/www.provence4u.com\\\/de\\\/startseite\\\/\"},{\"@type\":\"ListItem\",\"position\":2,\"name\":\"Infor\u00adma\u00adtion\",\"item\":\"https:\\\/\\\/www.provence4u.com\\\/de\\\/information\\\/\"},{\"@type\":\"ListItem\",\"position\":3,\"name\":\"Entdeckungen\"}]},{\"@type\":\"WebSite\",\"@id\":\"https:\\\/\\\/www.provence4u.com\\\/de\\\/#website\",\"url\":\"https:\\\/\\\/www.provence4u.com\\\/de\\\/\",\"name\":\"Une Campagne en Provence\",\"description\":\"Bed and Breakfast\",\"publisher\":{\"@id\":\"https:\\\/\\\/www.provence4u.com\\\/de\\\/#organization\"},\"potentialAction\":[{\"@type\":\"SearchAction\",\"target\":{\"@type\":\"EntryPoint\",\"urlTemplate\":\"https:\\\/\\\/www.provence4u.com\\\/de\\\/?s={search_term_string}\"},\"query-input\":{\"@type\":\"PropertyValueSpecification\",\"valueRequired\":true,\"valueName\":\"search_term_string\"}}],\"inLanguage\":\"de\"},{\"@type\":\"Organization\",\"@id\":\"https:\\\/\\\/www.provence4u.com\\\/de\\\/#organization\",\"name\":\"Une Campagne en Provence\",\"url\":\"https:\\\/\\\/www.provence4u.com\\\/de\\\/\",\"logo\":{\"@type\":\"ImageObject\",\"inLanguage\":\"de\",\"@id\":\"https:\\\/\\\/www.provence4u.com\\\/de\\\/#\\\/schema\\\/logo\\\/image\\\/\",\"url\":\"https:\\\/\\\/www.provence4u.com\\\/wp-content\\\/uploads\\\/2024\\\/01\\\/Logo-black.svg\",\"contentUrl\":\"https:\\\/\\\/www.provence4u.com\\\/wp-content\\\/uploads\\\/2024\\\/01\\\/Logo-black.svg\",\"width\":1,\"height\":1,\"caption\":\"Une Campagne en Provence\"},\"image\":{\"@id\":\"https:\\\/\\\/www.provence4u.com\\\/de\\\/#\\\/schema\\\/logo\\\/image\\\/\"},\"sameAs\":[\"https:\\\/\\\/www.facebook.com\\\/provencerelax\",\"https:\\\/\\\/www.pinterest.de\\\/fussler\\\/une-campagne-en-provence\\\/\"]}]}<\/script>\n<!-- \/ Yoast SEO plugin. -->","yoast_head_json":{"title":"Entdecken Sie Dorfm\u00e4rkte, Feste und Str\u00e4nde der C\u00f4te d'Azur","description":"Entdecken Sie Dorfm\u00e4rkte und -feste, Handwerksausstellungen, die Str\u00e4nde der C\u00f4te d'Azur und die Verdon-Schlucht am Tor zu den Alpen.","robots":{"index":"index","follow":"follow","max-snippet":"max-snippet:-1","max-image-preview":"max-image-preview:large","max-video-preview":"max-video-preview:-1"},"canonical":"https:\/\/www.provence4u.com\/de\/information\/entdeckungen\/","og_locale":"de_DE","og_type":"article","og_title":"Entdecken Sie Dorfm\u00e4rkte, Feste und Str\u00e4nde der C\u00f4te d'Azur","og_description":"Entdecken Sie Dorfm\u00e4rkte und -feste, Handwerksausstellungen, die Str\u00e4nde der C\u00f4te d'Azur und die Verdon-Schlucht am Tor zu den Alpen.","og_url":"https:\/\/www.provence4u.com\/de\/information\/entdeckungen\/","og_site_name":"Une Campagne en Provence","article_publisher":"https:\/\/www.facebook.com\/provencerelax","article_modified_time":"2024-08-02T06:01:58+00:00","og_image":[{"width":1920,"height":1100,"url":"https:\/\/www.provence4u.com\/wp-content\/uploads\/2024\/02\/Une-Campagne-en-Provence.jpg","type":"image\/jpeg"}],"twitter_card":"summary_large_image","twitter_misc":{"Gesch\u00e4tzte Lesezeit":"1\u00a0Minute"},"schema":{"@context":"https:\/\/schema.org","@graph":[{"@type":"WebPage","@id":"https:\/\/www.provence4u.com\/de\/information\/entdeckungen\/","url":"https:\/\/www.provence4u.com\/de\/information\/entdeckungen\/","name":"Entdecken Sie Dorfm\u00e4rkte, Feste und Str\u00e4nde der C\u00f4te d'Azur","isPartOf":{"@id":"https:\/\/www.provence4u.com\/de\/#website"},"datePublished":"2024-03-25T14:15:30+00:00","dateModified":"2024-08-02T06:01:58+00:00","description":"Entdecken Sie Dorfm\u00e4rkte und -feste, Handwerksausstellungen, die Str\u00e4nde der C\u00f4te d'Azur und die Verdon-Schlucht am Tor zu den Alpen.","breadcrumb":{"@id":"https:\/\/www.provence4u.com\/de\/information\/entdeckungen\/#breadcrumb"},"inLanguage":"de","potentialAction":[{"@type":"ReadAction","target":["https:\/\/www.provence4u.com\/de\/information\/entdeckungen\/"]}]},{"@type":"BreadcrumbList","@id":"https:\/\/www.provence4u.com\/de\/information\/entdeckungen\/#breadcrumb","itemListElement":[{"@type":"ListItem","position":1,"name":"Home","item":"https:\/\/www.provence4u.com\/de\/startseite\/"},{"@type":"ListItem","position":2,"name":"Infor\u00adma\u00adtion","item":"https:\/\/www.provence4u.com\/de\/information\/"},{"@type":"ListItem","position":3,"name":"Entdeckungen"}]},{"@type":"WebSite","@id":"https:\/\/www.provence4u.com\/de\/#website","url":"https:\/\/www.provence4u.com\/de\/","name":"Une Campagne en Provence","description":"Bed and Breakfast","publisher":{"@id":"https:\/\/www.provence4u.com\/de\/#organization"},"potentialAction":[{"@type":"SearchAction","target":{"@type":"EntryPoint","urlTemplate":"https:\/\/www.provence4u.com\/de\/?s={search_term_string}"},"query-input":{"@type":"PropertyValueSpecification","valueRequired":true,"valueName":"search_term_string"}}],"inLanguage":"de"},{"@type":"Organization","@id":"https:\/\/www.provence4u.com\/de\/#organization","name":"Une Campagne en Provence","url":"https:\/\/www.provence4u.com\/de\/","logo":{"@type":"ImageObject","inLanguage":"de","@id":"https:\/\/www.provence4u.com\/de\/#\/schema\/logo\/image\/","url":"https:\/\/www.provence4u.com\/wp-content\/uploads\/2024\/01\/Logo-black.svg","contentUrl":"https:\/\/www.provence4u.com\/wp-content\/uploads\/2024\/01\/Logo-black.svg","width":1,"height":1,"caption":"Une Campagne en Provence"},"image":{"@id":"https:\/\/www.provence4u.com\/de\/#\/schema\/logo\/image\/"},"sameAs":["https:\/\/www.facebook.com\/provencerelax","https:\/\/www.pinterest.de\/fussler\/une-campagne-en-provence\/"]}]}},"_links":{"self":[{"href":"https:\/\/www.provence4u.com\/de\/wp-json\/wp\/v2\/pages\/8731","targetHints":{"allow":["GET"]}}],"collection":[{"href":"https:\/\/www.provence4u.com\/de\/wp-json\/wp\/v2\/pages"}],"about":[{"href":"https:\/\/www.provence4u.com\/de\/wp-json\/wp\/v2\/types\/page"}],"author":[{"embeddable":true,"href":"https:\/\/www.provence4u.com\/de\/wp-json\/wp\/v2\/users\/1"}],"replies":[{"embeddable":true,"href":"https:\/\/www.provence4u.com\/de\/wp-json\/wp\/v2\/comments?post=8731"}],"version-history":[{"count":6,"href":"https:\/\/www.provence4u.com\/de\/wp-json\/wp\/v2\/pages\/8731\/revisions"}],"predecessor-version":[{"id":9937,"href":"https:\/\/www.provence4u.com\/de\/wp-json\/wp\/v2\/pages\/8731\/revisions\/9937"}],"up":[{"embeddable":true,"href":"https:\/\/www.provence4u.com\/de\/wp-json\/wp\/v2\/pages\/8945"}],"wp:attachment":[{"href":"https:\/\/www.provence4u.com\/de\/wp-json\/wp\/v2\/media?parent=8731"}],"wp:term":[{"taxonomy":"dipi_cpt_category","embeddable":true,"href":"https:\/\/www.provence4u.com\/de\/wp-json\/wp\/v2\/dipi_cpt_category?post=8731"}],"curies":[{"name":"wp","href":"https:\/\/api.w.org\/{rel}","templated":true}]}}