{"id":8794,"date":"2024-03-22T20:22:37","date_gmt":"2024-03-22T19:22:37","guid":{"rendered":"https:\/\/www.provence4u.com\/gaestebuch\/"},"modified":"2024-07-11T10:46:24","modified_gmt":"2024-07-11T08:46:24","slug":"gaestebuch","status":"publish","type":"page","link":"https:\/\/www.provence4u.com\/de\/information\/gaestebuch\/","title":{"rendered":"G\u00e4stebuch"},"content":{"rendered":"<p>[et_pb_section fb_built=\u201c1\u201d custom_padding_last_edited=\u201con|phone\u201d _builder_version=\u201c4.24.2\u201d _module_preset=\u201cdefault\u201d background_image=\u201chttps:\/\/www.provence4u.com\/wp-content\/uploads\/2024\/03\/BRPro1877.jpg\u201d custom_margin=\u201d||||false|false\u201d custom_margin_tablet=\u201d||||false|false\u201d custom_margin_phone=\u201d||||false|false\u201d custom_margin_last_edited=\u201con|desktop\u201d custom_padding=\u201c300px||300px||true|false\u201d custom_padding_tablet=\u201c150px||150px||false|false\u201d custom_padding_phone=\u201c150px||150px||true|false\u201d locked=\u201coff\u201d global_colors_info=\u201d{}\u201d][\/et_pb_section][et_pb_section fb_built=\u201c1\u201d _builder_version=\u201c4.20.2\u201d _module_preset=\u201cdefault\u201d global_colors_info=\u201d{}\u201d][et_pb_row column_structure=\u201c3_5,2_5\u201d use_custom_gutter=\u201con\u201d gutter_width=\u201c2\u201d make_equal=\u201con\u201d module_id=\u201creverse-columns\u201d module_class=\u201creverse-columns\u201d _builder_version=\u201c4.24.2\u201d _module_preset=\u201cdefault\u201d custom_margin=\u201d-300px||50px||false|false\u201d custom_margin_tablet=\u201c0px||||false|false\u201d custom_margin_phone=\u201c0px||||false|false\u201d custom_margin_last_edited=\u201con|tablet\u201d custom_css_main_element=\u201calign-items: flex-end;\u201d global_colors_info=\u201d{}\u201d][et_pb_column type=\u201c3_5\u201d _builder_version=\u201c4.24.2\u201d _module_preset=\u201cdefault\u201d background_color=\u201c#f6f5f1\u201d custom_padding=\u201c50px|50px|50px|50px|true|true\u201d custom_padding_tablet=\u201c30px|30px|30px|30px|true|true\u201d custom_padding_phone=\u201c20px|20px|20px|20px|true|true\u201d custom_padding_last_edited=\u201con|tablet\u201d border_radii=\u201con|5px|5px|5px|5px\u201d box_shadow_style=\u201cpreset1\u201d box_shadow_blur=\u201c30px\u201d box_shadow_color=\u201crgba(0,0,0,0.16)\u201d global_colors_info=\u201d{}\u201d][dipi_dual_heading first_heading=\u201cG\u00e4ste-\u201d second_heading=\u201cBuch\u201d heading_display=\u201ccolumn\u201d fh_padding=\u201c40px|80px|40px|80px|true|true\u201d sh_padding=\u201c55px|3px|8px|3px|false|false\u201d fh_padding_tablet=\u201c40px|80px|40px|80px|true|true\u201d fh_padding_phone=\u201c40px|80px|20px|80px|false|true\u201d fh_padding_last_edited=\u201con|phone\u201d _builder_version=\u201c4.24.2\u201d _module_preset=\u201cdefault\u201d first_heading_font=\u201cScriptina Pro||||||||\u201d first_heading_text_color=\u201c#000000\u201d first_heading_font_size=\u201c60px\u201d first_heading_line_height=\u201c1.2em\u201d second_heading_font=\u201cIbarra Real Nova||||||||\u201d second_heading_text_color=\u201c#E5C8A0\u201d second_heading_font_size=\u201c80px\u201d second_heading_letter_spacing=\u201d-2px\u201d second_heading_line_height=\u201c1em\u201d custom_margin=\u201c10px||||false|false\u201d custom_padding=\u201d||||false|false\u201d first_heading_font_size_tablet=\u201c50px\u201d first_heading_font_size_phone=\u201c40px\u201d first_heading_font_size_last_edited=\u201con|phone\u201d second_heading_font_size_tablet=\u201c80px\u201d second_heading_font_size_phone=\u201c50px\u201d second_heading_font_size_last_edited=\u201con|phone\u201d locked=\u201coff\u201d global_colors_info=\u201d{}\u201d][\/dipi_dual_heading][et_pb_text _builder_version=\u201c4.24.2\u201d _module_preset=\u201cdefault\u201d text_line_height=\u201c1.75em\u201d text_font_size_tablet=\u201d\u201d text_font_size_phone=\u201d\u201d text_font_size_last_edited=\u201con|phone\u201d global_colors_info=\u201d{}\u201d]Unsere G\u00e4ste hin\u00adter\u00adlassen Nachricht\u00aden in unserem G\u00e4ste\u00adbuch, auf Tri\u00adpad\u00advi\u00adsor oder Book\u00ading.<\/p>\n<p>Teilen Sie uns Ihre Mei\u00adn\u00adung in unserem G\u00e4ste\u00adbuch mit. Wir m\u00f6cht\u00aden Ihre Urlaub\u00ads\u00adbed\u00fcrfnisse ver\u00adste\u00adhen und hof\u00adfen, Ihnen allen Kom\u00adfort bieten zu k\u00f6n\u00adnen, um einen unvergesslichen Urlaub in der Provence zu genie\u00dfen.[\/et_pb_text][\/et_pb_column][et_pb_column type=\u201c2_5\u201d _builder_version=\u201c4.24.2\u201d _module_preset=\u201cdefault\u201d custom_padding_tablet=\u201c60px||||false|false\u201d custom_padding_phone=\u201c50px||||false|false\u201d custom_padding_last_edited=\u201con|phone\u201d global_colors_info=\u201d{}\u201d][\/et_pb_column][\/et_pb_row][et_pb_row _builder_version=\u201c4.24.2\u201d _module_preset=\u201cdefault\u201d custom_padding=\u201c0px||125px||false|false\u201d locked=\u201coff\u201d global_colors_info=\u201d{}\u201d][et_pb_column type=\u201c4_4\u201d _builder_version=\u201c4.24.2\u201d _module_preset=\u201cdefault\u201d background_image=\u201chttps:\/\/www.provence4u.com\/wp-content\/uploads\/2024\/03\/guests\u20111.jpg\u201d global_colors_info=\u201d{}\u201d][dipi_carousel columns=\u201c1\u201d container_padding=\u201c0px|0px|0px|0px|true|true\u201d autoplay_wide=\u201con\u201d pause_on_hover_wide=\u201coff\u201d autoplay_speed_wide=\u201c4000\u201d show_lightbox=\u201coff\u201d pagination=\u201con\u201d dynamic_bullets=\u201coff\u201d centered=\u201con\u201d pagination_position=\u201c-70\u201d pagination_color=\u201d#57398C\u201d pagination_active_color=\u201d#57398C\u201d module_class=\u201cdp_custom_pag\u201d _builder_version=\u201c4.24.2\u201d _module_preset=\u201cdefault\u201d custom_css_free_form=\u201d.dipi_carousel_0 .swiper-pag\u00adi\u00adna\u00adtion {||    left: 50% !impor\u00adtant;||  }\u201d custom_css_pagination=\u201cbackground: #fafafa;||border: 1px sol\u00adid #f5f5f5;||padding: 10px 0px 15px 0px;||max-width: 200px;||border-radius: 100px;||position: absolute;||left: 50%;||transform: translate(-50%, 0%);\u201d global_colors_info=\u201d{}\u201d][dipi_carousel_child label=\u201cTestimonials Slide 01\u201d type=\u201cdivi_library\u201d divi_library_id=\u201c780\u201d _builder_version=\u201c4.24.2\u201d _module_preset=\u201cdefault\u201d global_colors_info=\u201d{}\u201d][\/dipi_carousel_child][dipi_carousel_child label=\u201cTestimonials Slide 02\u201d type=\u201cdivi_library\u201d divi_library_id=\u201c5345\u201d _builder_version=\u201c4.24.2\u201d _module_preset=\u201cdefault\u201d global_colors_info=\u201d{}\u201d][\/dipi_carousel_child][dipi_carousel_child label=\u201cTestimonials Slide 03\u201d type=\u201cdivi_library\u201d divi_library_id=\u201c5359\u201d _builder_version=\u201c4.24.2\u201d _module_preset=\u201cdefault\u201d global_colors_info=\u201d{}\u201d][\/dipi_carousel_child][dipi_carousel_child label=\u201cTestimonials Slide 04\u201d type=\u201cdivi_library\u201d divi_library_id=\u201c5364\u201d _builder_version=\u201c4.24.2\u201d _module_preset=\u201cdefault\u201d global_colors_info=\u201d{}\u201d][\/dipi_carousel_child][dipi_carousel_child label=\u201cTestimonials Slide 05\u201d type=\u201cdivi_library\u201d divi_library_id=\u201c5366\u201d _builder_version=\u201c4.24.2\u201d _module_preset=\u201cdefault\u201d global_colors_info=\u201d{}\u201d][\/dipi_carousel_child][\/dipi_carousel][\/et_pb_column][\/et_pb_row][et_pb_row column_structure=\u201c1_5,1_5,1_5,1_5,1_5\u201d make_equal=\u201con\u201d custom_padding_last_edited=\u201con|phone\u201d _builder_version=\u201c4.24.0\u201d _module_preset=\u201cdefault\u201d custom_margin_tablet=\u201d||||false|false\u201d custom_margin_phone=\u201c0px||||false|false\u201d custom_margin_last_edited=\u201con|desktop\u201d custom_padding=\u201c10px||||false|false\u201d custom_padding_tablet=\u201c0px||||false|false\u201d custom_padding_phone=\u201c0px||||false|false\u201d locked=\u201coff\u201d global_colors_info=\u201d{}\u201d][et_pb_column type=\u201c1_5\u201d _builder_version=\u201c4.24.0\u201d _module_preset=\u201cdefault\u201d global_colors_info=\u201d{}\u201d][et_pb_image src=\u201chttps:\/\/www.provence4u.com\/wp-content\/uploads\/2024\/01\/Trip-Advisor-2020\u20131024x526.png\u201d title_text=\u201cTrip-Advisor-2020\u201d url=\u201chttps:\/\/www.tripadvisor.fr\/Hotel_Review-g672390-d1181126-Reviews-Une_Campagne_En_Provence-Bras_Var_Provence_Alpes_Cote_d_Azur.html\u201d url_new_window=\u201con\u201d align=\u201ccenter\u201d _builder_version=\u201c4.24.0\u201d _module_preset=\u201cdefault\u201d module_alignment=\u201ccenter\u201d max_height=\u201c150px\u201d max_height_tablet=\u201c150px\u201d max_height_phone=\u201c105px\u201d max_height_last_edited=\u201con|phone\u201d custom_margin=\u201c25px||||false|false\u201d animation_style=\u201cfade\u201d animation_delay=\u201c300ms\u201d animation_delay_tablet=\u201c100ms\u201d animation_delay_phone=\u201c100ms\u201d animation_delay_last_edited=\u201con|tablet\u201d global_colors_info=\u201d{}\u201d][\/et_pb_image][\/et_pb_column][et_pb_column type=\u201c1_5\u201d _builder_version=\u201c4.24.0\u201d _module_preset=\u201cdefault\u201d global_colors_info=\u201d{}\u201d][et_pb_image src=\u201chttps:\/\/www.provence4u.com\/wp-content\/uploads\/2024\/01\/Sawdays-badge-landscape.png\u201d title_text=\u201cSawdays-badge-landscape\u201d url=\u201chttps:\/\/www.sawdays.co.uk\/france\/provence-alps-riviera\/var\/une-campagne-en-provence\/\u201d url_new_window=\u201con\u201d align=\u201ccenter\u201d _builder_version=\u201c4.24.0\u201d _module_preset=\u201cdefault\u201d module_alignment=\u201ccenter\u201d max_height=\u201c130px\u201d max_height_tablet=\u201c130px\u201d max_height_phone=\u201c110px\u201d max_height_last_edited=\u201con|phone\u201d custom_margin=\u201c18px||||false|false\u201d animation_style=\u201cfade\u201d animation_delay=\u201c600ms\u201d animation_delay_tablet=\u201c100ms\u201d animation_delay_phone=\u201c100ms\u201d animation_delay_last_edited=\u201con|phone\u201d global_colors_info=\u201d{}\u201d][\/et_pb_image][\/et_pb_column][et_pb_column type=\u201c1_5\u201d _builder_version=\u201c4.24.0\u201d _module_preset=\u201cdefault\u201d global_colors_info=\u201d{}\u201d][et_pb_image src=\u201chttps:\/\/www.provence4u.com\/wp-content\/uploads\/2024\/02\/hotelscombined.jpg\u201d title_text=\u201chotelscombined\u201d url=\u201chttps:\/\/www.hotelscombined.de\/hotels\/Une-Campagne-en-Provence,Bras-p2624806-h484646-details\u201d url_new_window=\u201con\u201d align=\u201ccenter\u201d _builder_version=\u201c4.26.0\u201d _module_preset=\u201cdefault\u201d module_alignment=\u201ccenter\u201d max_height=\u201c130px\u201d max_height_tablet=\u201c130px\u201d max_height_phone=\u201c130px\u201d max_height_last_edited=\u201con|phone\u201d custom_margin=\u201c18px||||false|false\u201d animation_style=\u201cfade\u201d animation_delay=\u201c900ms\u201d hover_enabled=\u201c0\u201d animation_delay_tablet=\u201c100ms\u201d animation_delay_phone=\u201d\u201d animation_delay_last_edited=\u201con|phone\u201d global_colors_info=\u201d{}\u201d sticky_enabled=\u201c0\u201d][\/et_pb_image][\/et_pb_column][et_pb_column type=\u201c1_5\u201d _builder_version=\u201c4.24.0\u201d _module_preset=\u201cdefault\u201d global_colors_info=\u201d{}\u201d][et_pb_image src=\u201chttps:\/\/www.provence4u.com\/wp-content\/uploads\/2024\/01\/Blaue-Schwalbe_Logo.webp\u201d title_text=\u201cBlaue-Schwalbe_Logo\u201d align=\u201ccenter\u201d _builder_version=\u201c4.24.0\u201d _module_preset=\u201cdefault\u201d module_alignment=\u201ccenter\u201d max_height=\u201c130px\u201d max_height_tablet=\u201c130px\u201d max_height_phone=\u201c130px\u201d max_height_last_edited=\u201con|phone\u201d custom_margin=\u201c15px||||false|false\u201d animation_style=\u201cfade\u201d animation_delay=\u201c1200ms\u201d animation_delay_tablet=\u201c100ms\u201d animation_delay_phone=\u201c100ms\u201d animation_delay_last_edited=\u201con|phone\u201d global_colors_info=\u201d{}\u201d][\/et_pb_image][\/et_pb_column][et_pb_column type=\u201c1_5\u201d _builder_version=\u201c4.24.0\u201d _module_preset=\u201cdefault\u201d global_colors_info=\u201d{}\u201d][et_pb_image src=\u201chttps:\/\/www.provence4u.com\/wp-content\/uploads\/2024\/01\/esprit-provence-logo.png\u201d title_text=\u201cesprit-provence-logo\u201d url=\u201chttps:\/\/www.espritprovence.com\/maisondhotes?Une%20Campagne%20en%20Provence\u201d url_new_window=\u201con\u201d align=\u201ccenter\u201d _builder_version=\u201c4.24.0\u201d _module_preset=\u201cdefault\u201d module_alignment=\u201ccenter\u201d max_height=\u201c140px\u201d max_height_tablet=\u201c140px\u201d max_height_phone=\u201c120px\u201d max_height_last_edited=\u201con|phone\u201d custom_margin=\u201c20px||||false|false\u201d animation_style=\u201cfade\u201d animation_delay=\u201c1500ms\u201d animation_delay_tablet=\u201c100ms\u201d animation_delay_phone=\u201c100ms\u201d animation_delay_last_edited=\u201con|phone\u201d global_colors_info=\u201d{}\u201d][\/et_pb_image][\/et_pb_column][\/et_pb_row][\/et_pb_section]<\/p>\n","protected":false},"excerpt":{"rendered":"<p><\/p><div class=\"et_pb_module dipi_dual_heading dipi_dual_heading_0\">\n\t\t\t\t\n\t\t\t\t\n\t\t\t\t\n\t\t\t\t\n\t\t\t\t\n\t\t\t\t\n\t\t\t\t<div class=\"et_pb_module_inner\">\n\t\t\t\t\t\n                <div class=\"dipi-dual-heading \">\n                    <h2 class=\"dipi-dh-main\">\n                        <span class=\"dipi-dh-first-heading\">\n                            <span class=\"dipi-dh-animation-container\">\n                                <span class=\"dipi-dh-bg-container\">\n                                    G\u00e4ste-\n                                <\/span>\n                            <\/span>\n                        <\/span>\n                        <span class=\"dipi-dh-second-heading\">\n                            <span class=\"dipi-dh-animation-container\">\n                                <span class=\"dipi-dh-bg-container\">\n                                    Buch\n                                <\/span>\n                            <\/span>\n                        <\/span>\n                    <\/h2>\n                <\/div>\n\t\t\t\t<\/div>\n\t\t\t<\/div>Unsere G\u00e4ste hin\u00adter\u00adlassen Nachricht\u00aden in unserem G\u00e4ste\u00adbuch, auf Tri\u00adpad\u00advi\u00adsor oder Book\u00ading. Teilen Sie uns Ihre Mei\u00adn\u00adung in unserem G\u00e4ste\u00adbuch mit. Wir m\u00f6cht\u00aden Ihre [\u2026]\n","protected":false},"author":1,"featured_media":0,"parent":8945,"menu_order":0,"comment_status":"closed","ping_status":"closed","template":"","meta":{"_et_pb_use_builder":"on","_et_pb_old_content":"","_et_gb_content_width":"","wp_typography_post_enhancements_disabled":false,"footnotes":""},"dipi_cpt_category":[],"class_list":["post-8794","page","type-page","status-publish","hentry"],"yoast_head":"<!-- This site is optimized with the Yoast SEO plugin v27.4 - https:\/\/yoast.com\/product\/yoast-seo-wordpress\/ -->\n<title>Unsere G\u00e4ste hinterlassen Nachrichten in unserem G\u00e4stebuch, auf Tripadvisor oder bei der Buchung<\/title>\n<meta name=\"description\" content=\"Teilen Sie uns Ihre Meinung in unserem G\u00e4stebuch mit. Wir m\u00f6chten Ihre Urlaubsbed\u00fcrfnisse verstehen und hoffen, Ihnen allen Komfort bieten zu k\u00f6nnen, um einen unvergesslichen Urlaub in der Provence zu genie\u00dfen.\" \/>\n<meta name=\"robots\" content=\"index, follow, max-snippet:-1, max-image-preview:large, max-video-preview:-1\" \/>\n<link rel=\"canonical\" href=\"https:\/\/www.provence4u.com\/de\/information\/gaestebuch\/\" \/>\n<meta property=\"og:locale\" content=\"de_DE\" \/>\n<meta property=\"og:type\" content=\"article\" \/>\n<meta property=\"og:title\" content=\"Unsere G\u00e4ste hinterlassen Nachrichten in unserem G\u00e4stebuch, auf Tripadvisor oder bei der Buchung\" \/>\n<meta property=\"og:description\" content=\"Teilen Sie uns Ihre Meinung in unserem G\u00e4stebuch mit. Wir m\u00f6chten Ihre Urlaubsbed\u00fcrfnisse verstehen und hoffen, Ihnen allen Komfort bieten zu k\u00f6nnen, um einen unvergesslichen Urlaub in der Provence zu genie\u00dfen.\" \/>\n<meta property=\"og:url\" content=\"https:\/\/www.provence4u.com\/de\/information\/gaestebuch\/\" \/>\n<meta property=\"og:site_name\" content=\"Une Campagne en Provence\" \/>\n<meta property=\"article:publisher\" content=\"https:\/\/www.facebook.com\/provencerelax\" \/>\n<meta property=\"article:modified_time\" content=\"2024-07-11T08:46:24+00:00\" \/>\n<meta property=\"og:image\" content=\"https:\/\/www.provence4u.com\/wp-content\/uploads\/2024\/02\/Une-Campagne-en-Provence.jpg\" \/>\n\t<meta property=\"og:image:width\" content=\"1920\" \/>\n\t<meta property=\"og:image:height\" content=\"1100\" \/>\n\t<meta property=\"og:image:type\" content=\"image\/jpeg\" \/>\n<meta name=\"twitter:card\" content=\"summary_large_image\" \/>\n<meta name=\"twitter:label1\" content=\"Gesch\u00e4tzte Lesezeit\" \/>\n\t<meta name=\"twitter:data1\" content=\"7\u00a0Minuten\" \/>\n<script type=\"application\/ld+json\" class=\"yoast-schema-graph\">{\"@context\":\"https:\\\/\\\/schema.org\",\"@graph\":[{\"@type\":\"WebPage\",\"@id\":\"https:\\\/\\\/www.provence4u.com\\\/de\\\/information\\\/gaestebuch\\\/\",\"url\":\"https:\\\/\\\/www.provence4u.com\\\/de\\\/information\\\/gaestebuch\\\/\",\"name\":\"Unsere G\u00e4ste hinterlassen Nachrichten in unserem G\u00e4stebuch, auf Tripadvisor oder bei der Buchung\",\"isPartOf\":{\"@id\":\"https:\\\/\\\/www.provence4u.com\\\/de\\\/#website\"},\"datePublished\":\"2024-03-22T19:22:37+00:00\",\"dateModified\":\"2024-07-11T08:46:24+00:00\",\"description\":\"Teilen Sie uns Ihre Meinung in unserem G\u00e4stebuch mit. Wir m\u00f6chten Ihre Urlaubsbed\u00fcrfnisse verstehen und hoffen, Ihnen allen Komfort bieten zu k\u00f6nnen, um einen unvergesslichen Urlaub in der Provence zu genie\u00dfen.\",\"breadcrumb\":{\"@id\":\"https:\\\/\\\/www.provence4u.com\\\/de\\\/information\\\/gaestebuch\\\/#breadcrumb\"},\"inLanguage\":\"de\",\"potentialAction\":[{\"@type\":\"ReadAction\",\"target\":[\"https:\\\/\\\/www.provence4u.com\\\/de\\\/information\\\/gaestebuch\\\/\"]}]},{\"@type\":\"BreadcrumbList\",\"@id\":\"https:\\\/\\\/www.provence4u.com\\\/de\\\/information\\\/gaestebuch\\\/#breadcrumb\",\"itemListElement\":[{\"@type\":\"ListItem\",\"position\":1,\"name\":\"Home\",\"item\":\"https:\\\/\\\/www.provence4u.com\\\/de\\\/startseite\\\/\"},{\"@type\":\"ListItem\",\"position\":2,\"name\":\"Infor\u00adma\u00adtion\",\"item\":\"https:\\\/\\\/www.provence4u.com\\\/de\\\/information\\\/\"},{\"@type\":\"ListItem\",\"position\":3,\"name\":\"G\u00e4ste\u00adbuch\"}]},{\"@type\":\"WebSite\",\"@id\":\"https:\\\/\\\/www.provence4u.com\\\/de\\\/#website\",\"url\":\"https:\\\/\\\/www.provence4u.com\\\/de\\\/\",\"name\":\"Une Campagne en Provence\",\"description\":\"Bed and Breakfast\",\"publisher\":{\"@id\":\"https:\\\/\\\/www.provence4u.com\\\/de\\\/#organization\"},\"potentialAction\":[{\"@type\":\"SearchAction\",\"target\":{\"@type\":\"EntryPoint\",\"urlTemplate\":\"https:\\\/\\\/www.provence4u.com\\\/de\\\/?s={search_term_string}\"},\"query-input\":{\"@type\":\"PropertyValueSpecification\",\"valueRequired\":true,\"valueName\":\"search_term_string\"}}],\"inLanguage\":\"de\"},{\"@type\":\"Organization\",\"@id\":\"https:\\\/\\\/www.provence4u.com\\\/de\\\/#organization\",\"name\":\"Une Campagne en Provence\",\"url\":\"https:\\\/\\\/www.provence4u.com\\\/de\\\/\",\"logo\":{\"@type\":\"ImageObject\",\"inLanguage\":\"de\",\"@id\":\"https:\\\/\\\/www.provence4u.com\\\/de\\\/#\\\/schema\\\/logo\\\/image\\\/\",\"url\":\"https:\\\/\\\/www.provence4u.com\\\/wp-content\\\/uploads\\\/2024\\\/01\\\/Logo-black.svg\",\"contentUrl\":\"https:\\\/\\\/www.provence4u.com\\\/wp-content\\\/uploads\\\/2024\\\/01\\\/Logo-black.svg\",\"width\":1,\"height\":1,\"caption\":\"Une Campagne en Provence\"},\"image\":{\"@id\":\"https:\\\/\\\/www.provence4u.com\\\/de\\\/#\\\/schema\\\/logo\\\/image\\\/\"},\"sameAs\":[\"https:\\\/\\\/www.facebook.com\\\/provencerelax\",\"https:\\\/\\\/www.pinterest.de\\\/fussler\\\/une-campagne-en-provence\\\/\"]}]}<\/script>\n<!-- \/ Yoast SEO plugin. -->","yoast_head_json":{"title":"Unsere G\u00e4ste hinterlassen Nachrichten in unserem G\u00e4stebuch, auf Tripadvisor oder bei der Buchung","description":"Teilen Sie uns Ihre Meinung in unserem G\u00e4stebuch mit. Wir m\u00f6chten Ihre Urlaubsbed\u00fcrfnisse verstehen und hoffen, Ihnen allen Komfort bieten zu k\u00f6nnen, um einen unvergesslichen Urlaub in der Provence zu genie\u00dfen.","robots":{"index":"index","follow":"follow","max-snippet":"max-snippet:-1","max-image-preview":"max-image-preview:large","max-video-preview":"max-video-preview:-1"},"canonical":"https:\/\/www.provence4u.com\/de\/information\/gaestebuch\/","og_locale":"de_DE","og_type":"article","og_title":"Unsere G\u00e4ste hinterlassen Nachrichten in unserem G\u00e4stebuch, auf Tripadvisor oder bei der Buchung","og_description":"Teilen Sie uns Ihre Meinung in unserem G\u00e4stebuch mit. Wir m\u00f6chten Ihre Urlaubsbed\u00fcrfnisse verstehen und hoffen, Ihnen allen Komfort bieten zu k\u00f6nnen, um einen unvergesslichen Urlaub in der Provence zu genie\u00dfen.","og_url":"https:\/\/www.provence4u.com\/de\/information\/gaestebuch\/","og_site_name":"Une Campagne en Provence","article_publisher":"https:\/\/www.facebook.com\/provencerelax","article_modified_time":"2024-07-11T08:46:24+00:00","og_image":[{"width":1920,"height":1100,"url":"https:\/\/www.provence4u.com\/wp-content\/uploads\/2024\/02\/Une-Campagne-en-Provence.jpg","type":"image\/jpeg"}],"twitter_card":"summary_large_image","twitter_misc":{"Gesch\u00e4tzte Lesezeit":"7\u00a0Minuten"},"schema":{"@context":"https:\/\/schema.org","@graph":[{"@type":"WebPage","@id":"https:\/\/www.provence4u.com\/de\/information\/gaestebuch\/","url":"https:\/\/www.provence4u.com\/de\/information\/gaestebuch\/","name":"Unsere G\u00e4ste hinterlassen Nachrichten in unserem G\u00e4stebuch, auf Tripadvisor oder bei der Buchung","isPartOf":{"@id":"https:\/\/www.provence4u.com\/de\/#website"},"datePublished":"2024-03-22T19:22:37+00:00","dateModified":"2024-07-11T08:46:24+00:00","description":"Teilen Sie uns Ihre Meinung in unserem G\u00e4stebuch mit. Wir m\u00f6chten Ihre Urlaubsbed\u00fcrfnisse verstehen und hoffen, Ihnen allen Komfort bieten zu k\u00f6nnen, um einen unvergesslichen Urlaub in der Provence zu genie\u00dfen.","breadcrumb":{"@id":"https:\/\/www.provence4u.com\/de\/information\/gaestebuch\/#breadcrumb"},"inLanguage":"de","potentialAction":[{"@type":"ReadAction","target":["https:\/\/www.provence4u.com\/de\/information\/gaestebuch\/"]}]},{"@type":"BreadcrumbList","@id":"https:\/\/www.provence4u.com\/de\/information\/gaestebuch\/#breadcrumb","itemListElement":[{"@type":"ListItem","position":1,"name":"Home","item":"https:\/\/www.provence4u.com\/de\/startseite\/"},{"@type":"ListItem","position":2,"name":"Infor\u00adma\u00adtion","item":"https:\/\/www.provence4u.com\/de\/information\/"},{"@type":"ListItem","position":3,"name":"G\u00e4ste\u00adbuch"}]},{"@type":"WebSite","@id":"https:\/\/www.provence4u.com\/de\/#website","url":"https:\/\/www.provence4u.com\/de\/","name":"Une Campagne en Provence","description":"Bed and Breakfast","publisher":{"@id":"https:\/\/www.provence4u.com\/de\/#organization"},"potentialAction":[{"@type":"SearchAction","target":{"@type":"EntryPoint","urlTemplate":"https:\/\/www.provence4u.com\/de\/?s={search_term_string}"},"query-input":{"@type":"PropertyValueSpecification","valueRequired":true,"valueName":"search_term_string"}}],"inLanguage":"de"},{"@type":"Organization","@id":"https:\/\/www.provence4u.com\/de\/#organization","name":"Une Campagne en Provence","url":"https:\/\/www.provence4u.com\/de\/","logo":{"@type":"ImageObject","inLanguage":"de","@id":"https:\/\/www.provence4u.com\/de\/#\/schema\/logo\/image\/","url":"https:\/\/www.provence4u.com\/wp-content\/uploads\/2024\/01\/Logo-black.svg","contentUrl":"https:\/\/www.provence4u.com\/wp-content\/uploads\/2024\/01\/Logo-black.svg","width":1,"height":1,"caption":"Une Campagne en Provence"},"image":{"@id":"https:\/\/www.provence4u.com\/de\/#\/schema\/logo\/image\/"},"sameAs":["https:\/\/www.facebook.com\/provencerelax","https:\/\/www.pinterest.de\/fussler\/une-campagne-en-provence\/"]}]}},"_links":{"self":[{"href":"https:\/\/www.provence4u.com\/de\/wp-json\/wp\/v2\/pages\/8794","targetHints":{"allow":["GET"]}}],"collection":[{"href":"https:\/\/www.provence4u.com\/de\/wp-json\/wp\/v2\/pages"}],"about":[{"href":"https:\/\/www.provence4u.com\/de\/wp-json\/wp\/v2\/types\/page"}],"author":[{"embeddable":true,"href":"https:\/\/www.provence4u.com\/de\/wp-json\/wp\/v2\/users\/1"}],"replies":[{"embeddable":true,"href":"https:\/\/www.provence4u.com\/de\/wp-json\/wp\/v2\/comments?post=8794"}],"version-history":[{"count":8,"href":"https:\/\/www.provence4u.com\/de\/wp-json\/wp\/v2\/pages\/8794\/revisions"}],"predecessor-version":[{"id":9704,"href":"https:\/\/www.provence4u.com\/de\/wp-json\/wp\/v2\/pages\/8794\/revisions\/9704"}],"up":[{"embeddable":true,"href":"https:\/\/www.provence4u.com\/de\/wp-json\/wp\/v2\/pages\/8945"}],"wp:attachment":[{"href":"https:\/\/www.provence4u.com\/de\/wp-json\/wp\/v2\/media?parent=8794"}],"wp:term":[{"taxonomy":"dipi_cpt_category","embeddable":true,"href":"https:\/\/www.provence4u.com\/de\/wp-json\/wp\/v2\/dipi_cpt_category?post=8794"}],"curies":[{"name":"wp","href":"https:\/\/api.w.org\/{rel}","templated":true}]}}