{"id":8945,"date":"2024-03-22T22:05:47","date_gmt":"2024-03-22T21:05:47","guid":{"rendered":"https:\/\/www.provence4u.com\/information\/"},"modified":"2025-07-03T15:26:45","modified_gmt":"2025-07-03T13:26:45","slug":"information","status":"publish","type":"page","link":"https:\/\/www.provence4u.com\/de\/information\/","title":{"rendered":"Information"},"content":{"rendered":"<p>[et_pb_section fb_built=\u201c1\u201d custom_padding_last_edited=\u201con|phone\u201d _builder_version=\u201c4.24.2\u201d _module_preset=\u201cdefault\u201d background_image=\u201chttps:\/\/www.provence4u.com\/wp-content\/uploads\/2024\/03\/20230615_071015.jpg\u201d custom_margin=\u201d||||false|false\u201d custom_margin_tablet=\u201d||||false|false\u201d custom_margin_phone=\u201d||||false|false\u201d custom_margin_last_edited=\u201con|desktop\u201d custom_padding=\u201c300px||300px||true|false\u201d custom_padding_tablet=\u201c150px||150px||false|false\u201d custom_padding_phone=\u201c150px||150px||true|false\u201d locked=\u201coff\u201d global_colors_info=\u201d{}\u201d][\/et_pb_section][et_pb_section fb_built=\u201c1\u201d _builder_version=\u201c4.20.2\u201d _module_preset=\u201cdefault\u201d global_colors_info=\u201d{}\u201d][et_pb_row column_structure=\u201c3_5,2_5\u201d use_custom_gutter=\u201con\u201d gutter_width=\u201c2\u201d make_equal=\u201con\u201d module_id=\u201creverse-columns\u201d module_class=\u201creverse-columns\u201d _builder_version=\u201c4.24.2\u201d _module_preset=\u201cdefault\u201d custom_margin=\u201d-300px||50px||false|false\u201d custom_margin_tablet=\u201c0px||||false|false\u201d custom_margin_phone=\u201c0px||||false|false\u201d custom_margin_last_edited=\u201con|tablet\u201d custom_css_main_element=\u201calign-items: flex-end;\u201d global_colors_info=\u201d{}\u201d][et_pb_column type=\u201c3_5\u201d _builder_version=\u201c4.24.2\u201d _module_preset=\u201cdefault\u201d background_color=\u201c#f6f5f1\u201d custom_padding=\u201c50px|50px|50px|50px|true|true\u201d custom_padding_tablet=\u201c30px|30px|30px|30px|true|true\u201d custom_padding_phone=\u201c20px|20px|20px|20px|true|true\u201d custom_padding_last_edited=\u201con|tablet\u201d border_radii=\u201con|5px|5px|5px|5px\u201d box_shadow_style=\u201cpreset1\u201d box_shadow_blur=\u201c30px\u201d box_shadow_color=\u201crgba(0,0,0,0.16)\u201d global_colors_info=\u201d{}\u201d][et_pb_text _builder_version=\u201c4.24.2\u201d _module_preset=\u201cdefault\u201d text_font=\u201d||||||||\u201d header_2_font=\u201cIbarra Real Nova|500|||||||\u201d header_2_text_align=\u201ccenter\u201d header_2_text_color=\u201c#e5c8a0\u201d header_2_font_size=\u201c80px\u201d header_2_letter_spacing=\u201d-2px\u201d custom_margin=\u201d||||false|false\u201d custom_margin_tablet=\u201d\u201d custom_margin_phone=\u201c30px||||false|false\u201d custom_margin_last_edited=\u201con|phone\u201d header_2_font_size_tablet=\u201d\u201d header_2_font_size_phone=\u201c50px\u201d header_2_font_size_last_edited=\u201con|phone\u201d global_colors_info=\u201d{}\u201d]<\/p>\n<h2>Information<\/h2>\n<p>[\/et_pb_text][et_pb_text _builder_version=\u201c4.24.2\u201d _module_preset=\u201cdefault\u201d text_line_height=\u201c1.75em\u201d text_font_size_tablet=\u201d\u201d text_font_size_phone=\u201d\u201d text_font_size_last_edited=\u201con|phone\u201d global_colors_info=\u201d{}\u201d]<\/p>\n<p><strong>Urlaub mit R\u00fcck\u00adsicht auf die Umwelt<\/strong><\/p>\n<p>In einem gro\u00dfen Landgut mit weit\u00ader Ent\u00adfer\u00adnung von D\u00f6r\u00adfern und Haupt\u00adstra\u00dfe sind wir von L\u00e4rm und Umwelt\u00adbe\u00adlas\u00adtung gesch\u00fctzt.<\/p>\n<p>Aber wir m\u00fcssen auch mit der eige\u00adnen Belas\u00adtung vor\u00adsichtig umge\u00adhen.<\/p>\n<p>[\/et_pb_text][\/et_pb_column][et_pb_column type=\u201c2_5\u201d _builder_version=\u201c4.24.2\u201d _module_preset=\u201cdefault\u201d custom_padding_tablet=\u201c60px||||false|false\u201d custom_padding_phone=\u201c50px||||false|false\u201d custom_padding_last_edited=\u201con|phone\u201d global_colors_info=\u201d{}\u201d][\/et_pb_column][\/et_pb_row][et_pb_row _builder_version=\u201c4.25.2\u201d _module_preset=\u201cdefault\u201d custom_padding=\u201c0px||||false|false\u201d hover_enabled=\u201c0\u201d locked=\u201coff\u201d global_colors_info=\u201d{}\u201d width=\u201c100%\u201d sticky_enabled=\u201c0\u201d][et_pb_column type=\u201c4_4\u201d _builder_version=\u201c4.24.2\u201d _module_preset=\u201cdefault\u201d global_colors_info=\u201d{}\u201d][et_pb_image src=\u201chttps:\/\/www.provence4u.com\/wp-content\/uploads\/2024\/03\/environment.jpg\u201d title_text=\u201cenvironment\u201d _builder_version=\u201c4.24.2\u201d _module_preset=\u201cdefault\u201d global_colors_info=\u201d{}\u201d][\/et_pb_image][\/et_pb_column][\/et_pb_row][et_pb_row column_structure=\u201c1_5,3_5,1_5\u201d _builder_version=\u201c4.24.2\u201d _module_preset=\u201cdefault\u201d custom_margin=\u201d||||false|false\u201d custom_padding=\u201c20px||60px||false|false\u201d locked=\u201coff\u201d global_colors_info=\u201d{}\u201d][et_pb_column type=\u201c1_5\u201d _builder_version=\u201c4.20.2\u201d _module_preset=\u201cdefault\u201d global_colors_info=\u201d{}\u201d][\/et_pb_column][et_pb_column type=\u201c3_5\u201d _builder_version=\u201c4.20.2\u201d _module_preset=\u201cdefault\u201d global_colors_info=\u201d{}\u201d][et_pb_text _builder_version=\u201c4.24.2\u201d _module_preset=\u201cdefault\u201d text_line_height=\u201c1.75em\u201d text_font_size_tablet=\u201d\u201d text_font_size_phone=\u201d\u201d text_font_size_last_edited=\u201con|phone\u201d global_colors_info=\u201d{}\u201d]<\/p>\n<p>Der Abfall, der Wass\u00ader und Energie-Bedarf sowie Wald-Wirtschaft m\u00fcssen gut ver\u00adwal\u00adtet wer\u00adden. Aus diesem Grund schauen wir st\u00e4ndig nach Verbesserun\u00adgen um den Arten\u00adre\u00adich\u00adtum zu sch\u00fctzen und zu verbessern.<\/p>\n<p>Unsere Meth\u00adode wurde von dem Europ\u00e4is\u00adchen Eco\u00adla\u00adbel; die gr\u00fc\u00adnen F\u00fchrerer von Tri\u00adpAd\u00advi\u00adsor anerkan\u00adnt und der englisch sprachige Reise\u00adf\u00fchrer Go Slow France von Alas\u00adtair Saw\u00addays hat es auch her\u00advorge\u00adhoben.<\/p>\n<p>Und die Ergeb\u00adnisse wer\u00adden von unseren G\u00e4sten genossen.<\/p>\n<p>[\/et_pb_text][\/et_pb_column][et_pb_column type=\u201c1_5\u201d _builder_version=\u201c4.20.2\u201d _module_preset=\u201cdefault\u201d global_colors_info=\u201d{}\u201d][\/et_pb_column][\/et_pb_row][et_pb_row column_structure=\u201c1_2,1_2\u201d use_custom_gutter=\u201con\u201d gutter_width=\u201c2\u201d make_equal=\u201con\u201d custom_padding_last_edited=\u201con|phone\u201d _builder_version=\u201c4.24.3\u201d _module_preset=\u201cdefault\u201d background_color=\u201d#57398C\u201d background_enable_image=\u201coff\u201d custom_padding=\u201c30px|30px|30px|30px|true|true\u201d custom_padding_tablet=\u201c30px|30px|30px|30px|true|true\u201d custom_padding_phone=\u201c20px|20px|20px|20px|true|true\u201d background_color_tablet=\u201d#57398C\u201d background_last_edited=\u201con|desktop\u201d background_enable_color_tablet=\u201con\u201d background_enable_image_tablet=\u201coff\u201d locked=\u201coff\u201d global_colors_info=\u201d{}\u201d][et_pb_column type=\u201c1_2\u201d _builder_version=\u201c4.24.2\u201d _dynamic_attributes=\u201clink_option_url\u201d _module_preset=\u201cdefault\u201d background_color=\u201d#FFFFFF\u201d background_enable_image=\u201coff\u201d custom_padding=\u201c60px|50px|40px|50px|false|true\u201d custom_padding_tablet=\u201c60px|50px|40px|50px|false|true\u201d custom_padding_phone=\u201c30px|20px|20px|20px|false|true\u201d custom_padding_last_edited=\u201con|phone\u201d link_option_url=\u201d@ET-DC@eyJkeW5hbWljIjp0cnVlLCJjb250ZW50IjoicG9zdF9saW5rX3VybF9wYWdlIiwic2V0dGluZ3MiOnsicG9zdF9pZCI6IjU1ODgiLCJlbmFibGVfaHRtbCI6Im9mZiJ9fQ==@\u201d global_colors_info=\u201d{}\u201d background__hover_enabled=\u201con|hover\u201d background_color__hover=\u201c#D5BA94\u201d background_enable_color__hover=\u201con\u201d background_image__hover=\u201chttps:\/\/www.provence4u.com\/wp-content\/uploads\/2024\/03\/activities-2-wide-1024x543.jpg\u201d background_enable_image__hover=\u201con\u201d background_blend__hover=\u201cscreen\u201d parallax__hover=\u201coff\u201d background_size__hover=\u201ccover\u201d background_position__hover=\u201ccenter\u201d][et_pb_blurb title=\u201cEntdeckungen\u201d image=\u201chttps:\/\/www.provence4u.com\/wp-content\/uploads\/2024\/03\/calendar.svg\u201d image_icon_width=\u201c75px\u201d icon_alignment=\u201cleft\u201d _builder_version=\u201c4.25.1\u201d _module_preset=\u201cdefault\u201d header_font=\u201d||||||||\u201d header_text_color=\u201c#000000\u201d header_font_size=\u201c25px\u201d body_font=\u201d||||||||\u201d body_text_color=\u201c#919191\u201d body_font_size=\u201c15px\u201d body_line_height=\u201c1.8em\u201d custom_margin=\u201d||10px||false|false\u201d header_font_size_tablet=\u201c22px\u201d header_font_size_phone=\u201c20px\u201d header_font_size_last_edited=\u201con|phone\u201d global_colors_info=\u201d{}\u201d image_icon_background_color__hover_enabled=\u201con|hover\u201d image_icon_background_color__hover=\u201d\u201d background_layout__hover_enabled=\u201con|hover\u201d header_text_color__hover_enabled=\u201con|desktop\u201d header_text_color__hover=\u201c\u201d][\/et_pb_blurb][et_pb_text _builder_version=\u201c4.25.1\u201d _module_preset=\u201cdefault\u201d text_font=\u201d||||||||\u201d text_text_color=\u201c#000000\u201d text_line_height=\u201c1.75em\u201d global_colors_info=\u201d{}\u201d]<\/p>\n<p>Die Provence und das Var sind ein Land der Lebens\u00adfreude und der Sch\u00f6n\u00adheit. Wir helfen Ihnen bei der Auswahl unvergesslich\u00ader Ent\u00addeck\u00adun\u00adgen.<\/p>\n<p>[\/et_pb_text][et_pb_icon font_icon=\u201c$||divi||400\u201d icon_color=\u201c#000000\u201d icon_width=\u201c30px\u201d align=\u201cleft\u201d _builder_version=\u201c4.24.0\u201d _module_preset=\u201cdefault\u201d global_colors_info=\u201d{}\u201d icon_color__hover_enabled=\u201con|hover\u201d icon_color__hover=\u201d#57398C\u201d][\/et_pb_icon][\/et_pb_column][et_pb_column type=\u201c1_2\u201d _builder_version=\u201c4.24.2\u201d _dynamic_attributes=\u201clink_option_url\u201d _module_preset=\u201cdefault\u201d background_color=\u201d#FFFFFF\u201d custom_padding=\u201c60px|50px|40px|50px|false|true\u201d custom_padding_tablet=\u201c60px|50px|40px|50px|false|true\u201d custom_padding_phone=\u201c30px|20px|20px|20px|false|true\u201d custom_padding_last_edited=\u201con|phone\u201d link_option_url=\u201d@ET-DC@eyJkeW5hbWljIjp0cnVlLCJjb250ZW50IjoicG9zdF9saW5rX3VybF9wYWdlIiwic2V0dGluZ3MiOnsicG9zdF9pZCI6IjUzMTciLCJlbmFibGVfaHRtbCI6Im9mZiJ9fQ==@\u201d global_colors_info=\u201d{}\u201d background__hover_enabled=\u201con|hover\u201d background_color__hover=\u201c#D5BA94\u201d background_enable_color__hover=\u201con\u201d background_image__hover=\u201chttps:\/\/www.provence4u.com\/wp-content\/uploads\/2024\/03\/guest-book.jpg\u201d background_enable_image__hover=\u201con\u201d background_blend__hover=\u201cscreen\u201d][et_pb_blurb title=\u201cG\u00e4stebuch\u201d image=\u201chttps:\/\/www.provence4u.com\/wp-content\/uploads\/2024\/03\/guest-book.svg\u201d image_icon_width=\u201c75px\u201d icon_alignment=\u201cleft\u201d _builder_version=\u201c4.24.2\u201d _module_preset=\u201cdefault\u201d header_font=\u201d||||||||\u201d header_text_color=\u201c#000000\u201d header_font_size=\u201c25px\u201d body_font=\u201d||||||||\u201d body_text_color=\u201c#919191\u201d body_font_size=\u201c15px\u201d body_line_height=\u201c1.8em\u201d custom_margin=\u201d||10px||false|false\u201d header_font_size_tablet=\u201c22px\u201d header_font_size_phone=\u201c20px\u201d header_font_size_last_edited=\u201con|phone\u201d global_colors_info=\u201d{}\u201d image_icon_background_color__hover_enabled=\u201con|hover\u201d image_icon_background_color__hover=\u201d\u201d background_layout__hover_enabled=\u201con|hover\u201d header_text_color__hover_enabled=\u201con|desktop\u201d header_text_color__hover=\u201c\u201d][\/et_pb_blurb][et_pb_text _builder_version=\u201c4.25.1\u201d _module_preset=\u201cdefault\u201d text_font=\u201d||||||||\u201d text_text_color=\u201c#000000\u201d text_line_height=\u201c1.75em\u201d global_colors_info=\u201d{}\u201d]<\/p>\n<p><span>Teilen Sie uns Ihre Mei\u00adn\u00adung in unserem G\u00e4ste\u00adbuch mit. Wir m\u00f6cht\u00aden Ihre Urlaub\u00ads\u00adbed\u00fcrfnisse ver\u00adste\u00adhen.<\/span><\/p>\n<p>[\/et_pb_text][et_pb_icon font_icon=\u201c$||divi||400\u201d icon_color=\u201c#000000\u201d icon_width=\u201c30px\u201d align=\u201cleft\u201d _builder_version=\u201c4.24.0\u201d _module_preset=\u201cdefault\u201d global_colors_info=\u201d{}\u201d icon_color__hover_enabled=\u201con|hover\u201d icon_color__hover=\u201d#57398C\u201d][\/et_pb_icon][\/et_pb_column][\/et_pb_row][\/et_pb_section]<\/p>\n","protected":false},"excerpt":{"rendered":"<p>Infor\u00adma\u00adtionUrlaub mit R\u00fcck\u00adsicht auf die Umwelt In einem gro\u00dfen Landgut mit weit\u00ader Ent\u00adfer\u00adnung von D\u00f6r\u00adfern und Haupt\u00adstra\u00dfe sind wir von L\u00e4rm und Umwelt\u00adbe\u00adlas\u00adtung gesch\u00fctzt. Aber wir m\u00fcssen auch mit der eige\u00adnen Belas\u00adtung vor\u00adsichtig umgehen.Der Abfall, der Wass\u00ader und Energie-Bedarf sowie Wald-Wirtschaft m\u00fcssen gut ver\u00adwal\u00adtet wer\u00adden. Aus diesem Grund schauen wir st\u00e4ndig nach Verbesserun\u00adgen um den [\u2026]<\/p>\n","protected":false},"author":1,"featured_media":0,"parent":0,"menu_order":0,"comment_status":"closed","ping_status":"closed","template":"","meta":{"_et_pb_use_builder":"on","_et_pb_old_content":"","_et_gb_content_width":"","wp_typography_post_enhancements_disabled":false,"footnotes":""},"dipi_cpt_category":[],"class_list":["post-8945","page","type-page","status-publish","hentry"],"yoast_head":"<!-- This site is optimized with the Yoast SEO plugin v27.4 - https:\/\/yoast.com\/product\/yoast-seo-wordpress\/ -->\n<title>Umweltfreundliche Privatvermietung in der Provence mit Zimmern<\/title>\n<meta name=\"description\" content=\"Diese umweltfreundliche Ferienunterkunft wird von verschiedenen internationalen Reisef\u00fchrern empfohlen und ist als \u00d6ko-G\u00e4stehaus bekannt: Michelin, Alastair Sawday&#039;s, Green Leaders von TripAdvisor.\" \/>\n<meta name=\"robots\" content=\"index, follow, max-snippet:-1, max-image-preview:large, max-video-preview:-1\" \/>\n<link rel=\"canonical\" href=\"https:\/\/www.provence4u.com\/de\/information\/\" \/>\n<meta property=\"og:locale\" content=\"de_DE\" \/>\n<meta property=\"og:type\" content=\"article\" \/>\n<meta property=\"og:title\" content=\"Umweltfreundliche Privatvermietung in der Provence mit Zimmern\" \/>\n<meta property=\"og:description\" content=\"Diese umweltfreundliche Ferienunterkunft wird von verschiedenen internationalen Reisef\u00fchrern empfohlen und ist als \u00d6ko-G\u00e4stehaus bekannt: Michelin, Alastair Sawday&#039;s, Green Leaders von TripAdvisor.\" \/>\n<meta property=\"og:url\" content=\"https:\/\/www.provence4u.com\/de\/information\/\" \/>\n<meta property=\"og:site_name\" content=\"Une Campagne en Provence\" \/>\n<meta property=\"article:publisher\" content=\"https:\/\/www.facebook.com\/provencerelax\" \/>\n<meta property=\"article:modified_time\" content=\"2025-07-03T13:26:45+00:00\" \/>\n<meta property=\"og:image\" content=\"https:\/\/www.provence4u.com\/wp-content\/uploads\/2024\/02\/Une-Campagne-en-Provence.jpg\" \/>\n\t<meta property=\"og:image:width\" content=\"1920\" \/>\n\t<meta property=\"og:image:height\" content=\"1100\" \/>\n\t<meta property=\"og:image:type\" content=\"image\/jpeg\" \/>\n<meta name=\"twitter:card\" content=\"summary_large_image\" \/>\n<meta name=\"twitter:label1\" content=\"Gesch\u00e4tzte Lesezeit\" \/>\n\t<meta name=\"twitter:data1\" content=\"2\u00a0Minuten\" \/>\n<script type=\"application\/ld+json\" class=\"yoast-schema-graph\">{\"@context\":\"https:\\\/\\\/schema.org\",\"@graph\":[{\"@type\":\"WebPage\",\"@id\":\"https:\\\/\\\/www.provence4u.com\\\/de\\\/information\\\/\",\"url\":\"https:\\\/\\\/www.provence4u.com\\\/de\\\/information\\\/\",\"name\":\"Umweltfreundliche Privatvermietung in der Provence mit Zimmern\",\"isPartOf\":{\"@id\":\"https:\\\/\\\/www.provence4u.com\\\/de\\\/#website\"},\"datePublished\":\"2024-03-22T21:05:47+00:00\",\"dateModified\":\"2025-07-03T13:26:45+00:00\",\"description\":\"Diese umweltfreundliche Ferienunterkunft wird von verschiedenen internationalen Reisef\u00fchrern empfohlen und ist als \u00d6ko-G\u00e4stehaus bekannt: Michelin, Alastair Sawday's, Green Leaders von TripAdvisor.\",\"breadcrumb\":{\"@id\":\"https:\\\/\\\/www.provence4u.com\\\/de\\\/information\\\/#breadcrumb\"},\"inLanguage\":\"de\",\"potentialAction\":[{\"@type\":\"ReadAction\",\"target\":[\"https:\\\/\\\/www.provence4u.com\\\/de\\\/information\\\/\"]}]},{\"@type\":\"BreadcrumbList\",\"@id\":\"https:\\\/\\\/www.provence4u.com\\\/de\\\/information\\\/#breadcrumb\",\"itemListElement\":[{\"@type\":\"ListItem\",\"position\":1,\"name\":\"Home\",\"item\":\"https:\\\/\\\/www.provence4u.com\\\/de\\\/startseite\\\/\"},{\"@type\":\"ListItem\",\"position\":2,\"name\":\"Infor\u00adma\u00adtion\"}]},{\"@type\":\"WebSite\",\"@id\":\"https:\\\/\\\/www.provence4u.com\\\/de\\\/#website\",\"url\":\"https:\\\/\\\/www.provence4u.com\\\/de\\\/\",\"name\":\"Une Campagne en Provence\",\"description\":\"Bed and Breakfast\",\"publisher\":{\"@id\":\"https:\\\/\\\/www.provence4u.com\\\/de\\\/#organization\"},\"potentialAction\":[{\"@type\":\"SearchAction\",\"target\":{\"@type\":\"EntryPoint\",\"urlTemplate\":\"https:\\\/\\\/www.provence4u.com\\\/de\\\/?s={search_term_string}\"},\"query-input\":{\"@type\":\"PropertyValueSpecification\",\"valueRequired\":true,\"valueName\":\"search_term_string\"}}],\"inLanguage\":\"de\"},{\"@type\":\"Organization\",\"@id\":\"https:\\\/\\\/www.provence4u.com\\\/de\\\/#organization\",\"name\":\"Une Campagne en Provence\",\"url\":\"https:\\\/\\\/www.provence4u.com\\\/de\\\/\",\"logo\":{\"@type\":\"ImageObject\",\"inLanguage\":\"de\",\"@id\":\"https:\\\/\\\/www.provence4u.com\\\/de\\\/#\\\/schema\\\/logo\\\/image\\\/\",\"url\":\"https:\\\/\\\/www.provence4u.com\\\/wp-content\\\/uploads\\\/2024\\\/01\\\/Logo-black.svg\",\"contentUrl\":\"https:\\\/\\\/www.provence4u.com\\\/wp-content\\\/uploads\\\/2024\\\/01\\\/Logo-black.svg\",\"width\":1,\"height\":1,\"caption\":\"Une Campagne en Provence\"},\"image\":{\"@id\":\"https:\\\/\\\/www.provence4u.com\\\/de\\\/#\\\/schema\\\/logo\\\/image\\\/\"},\"sameAs\":[\"https:\\\/\\\/www.facebook.com\\\/provencerelax\",\"https:\\\/\\\/www.pinterest.de\\\/fussler\\\/une-campagne-en-provence\\\/\"]}]}<\/script>\n<!-- \/ Yoast SEO plugin. -->","yoast_head_json":{"title":"Umweltfreundliche Privatvermietung in der Provence mit Zimmern","description":"Diese umweltfreundliche Ferienunterkunft wird von verschiedenen internationalen Reisef\u00fchrern empfohlen und ist als \u00d6ko-G\u00e4stehaus bekannt: Michelin, Alastair Sawday's, Green Leaders von TripAdvisor.","robots":{"index":"index","follow":"follow","max-snippet":"max-snippet:-1","max-image-preview":"max-image-preview:large","max-video-preview":"max-video-preview:-1"},"canonical":"https:\/\/www.provence4u.com\/de\/information\/","og_locale":"de_DE","og_type":"article","og_title":"Umweltfreundliche Privatvermietung in der Provence mit Zimmern","og_description":"Diese umweltfreundliche Ferienunterkunft wird von verschiedenen internationalen Reisef\u00fchrern empfohlen und ist als \u00d6ko-G\u00e4stehaus bekannt: Michelin, Alastair Sawday's, Green Leaders von TripAdvisor.","og_url":"https:\/\/www.provence4u.com\/de\/information\/","og_site_name":"Une Campagne en Provence","article_publisher":"https:\/\/www.facebook.com\/provencerelax","article_modified_time":"2025-07-03T13:26:45+00:00","og_image":[{"width":1920,"height":1100,"url":"https:\/\/www.provence4u.com\/wp-content\/uploads\/2024\/02\/Une-Campagne-en-Provence.jpg","type":"image\/jpeg"}],"twitter_card":"summary_large_image","twitter_misc":{"Gesch\u00e4tzte Lesezeit":"2\u00a0Minuten"},"schema":{"@context":"https:\/\/schema.org","@graph":[{"@type":"WebPage","@id":"https:\/\/www.provence4u.com\/de\/information\/","url":"https:\/\/www.provence4u.com\/de\/information\/","name":"Umweltfreundliche Privatvermietung in der Provence mit Zimmern","isPartOf":{"@id":"https:\/\/www.provence4u.com\/de\/#website"},"datePublished":"2024-03-22T21:05:47+00:00","dateModified":"2025-07-03T13:26:45+00:00","description":"Diese umweltfreundliche Ferienunterkunft wird von verschiedenen internationalen Reisef\u00fchrern empfohlen und ist als \u00d6ko-G\u00e4stehaus bekannt: Michelin, Alastair Sawday's, Green Leaders von TripAdvisor.","breadcrumb":{"@id":"https:\/\/www.provence4u.com\/de\/information\/#breadcrumb"},"inLanguage":"de","potentialAction":[{"@type":"ReadAction","target":["https:\/\/www.provence4u.com\/de\/information\/"]}]},{"@type":"BreadcrumbList","@id":"https:\/\/www.provence4u.com\/de\/information\/#breadcrumb","itemListElement":[{"@type":"ListItem","position":1,"name":"Home","item":"https:\/\/www.provence4u.com\/de\/startseite\/"},{"@type":"ListItem","position":2,"name":"Infor\u00adma\u00adtion"}]},{"@type":"WebSite","@id":"https:\/\/www.provence4u.com\/de\/#website","url":"https:\/\/www.provence4u.com\/de\/","name":"Une Campagne en Provence","description":"Bed and Breakfast","publisher":{"@id":"https:\/\/www.provence4u.com\/de\/#organization"},"potentialAction":[{"@type":"SearchAction","target":{"@type":"EntryPoint","urlTemplate":"https:\/\/www.provence4u.com\/de\/?s={search_term_string}"},"query-input":{"@type":"PropertyValueSpecification","valueRequired":true,"valueName":"search_term_string"}}],"inLanguage":"de"},{"@type":"Organization","@id":"https:\/\/www.provence4u.com\/de\/#organization","name":"Une Campagne en Provence","url":"https:\/\/www.provence4u.com\/de\/","logo":{"@type":"ImageObject","inLanguage":"de","@id":"https:\/\/www.provence4u.com\/de\/#\/schema\/logo\/image\/","url":"https:\/\/www.provence4u.com\/wp-content\/uploads\/2024\/01\/Logo-black.svg","contentUrl":"https:\/\/www.provence4u.com\/wp-content\/uploads\/2024\/01\/Logo-black.svg","width":1,"height":1,"caption":"Une Campagne en Provence"},"image":{"@id":"https:\/\/www.provence4u.com\/de\/#\/schema\/logo\/image\/"},"sameAs":["https:\/\/www.facebook.com\/provencerelax","https:\/\/www.pinterest.de\/fussler\/une-campagne-en-provence\/"]}]}},"_links":{"self":[{"href":"https:\/\/www.provence4u.com\/de\/wp-json\/wp\/v2\/pages\/8945","targetHints":{"allow":["GET"]}}],"collection":[{"href":"https:\/\/www.provence4u.com\/de\/wp-json\/wp\/v2\/pages"}],"about":[{"href":"https:\/\/www.provence4u.com\/de\/wp-json\/wp\/v2\/types\/page"}],"author":[{"embeddable":true,"href":"https:\/\/www.provence4u.com\/de\/wp-json\/wp\/v2\/users\/1"}],"replies":[{"embeddable":true,"href":"https:\/\/www.provence4u.com\/de\/wp-json\/wp\/v2\/comments?post=8945"}],"version-history":[{"count":15,"href":"https:\/\/www.provence4u.com\/de\/wp-json\/wp\/v2\/pages\/8945\/revisions"}],"predecessor-version":[{"id":10096,"href":"https:\/\/www.provence4u.com\/de\/wp-json\/wp\/v2\/pages\/8945\/revisions\/10096"}],"wp:attachment":[{"href":"https:\/\/www.provence4u.com\/de\/wp-json\/wp\/v2\/media?parent=8945"}],"wp:term":[{"taxonomy":"dipi_cpt_category","embeddable":true,"href":"https:\/\/www.provence4u.com\/de\/wp-json\/wp\/v2\/dipi_cpt_category?post=8945"}],"curies":[{"name":"wp","href":"https:\/\/api.w.org\/{rel}","templated":true}]}}