{"id":9100,"date":"2024-03-24T20:48:30","date_gmt":"2024-03-24T19:48:30","guid":{"rendered":"https:\/\/www.provence4u.com\/aktiv-in-der-provence\/seminare\/"},"modified":"2024-06-13T15:47:31","modified_gmt":"2024-06-13T13:47:31","slug":"seminare","status":"publish","type":"page","link":"https:\/\/www.provence4u.com\/de\/aktiv-in-der-provence\/seminare\/","title":{"rendered":"Seminare"},"content":{"rendered":"<p>[et_pb_section fb_built=\u201c1\u201d custom_padding_last_edited=\u201con|phone\u201d _builder_version=\u201c4.24.2\u201d _module_preset=\u201cdefault\u201d background_image=\u201chttps:\/\/www.provence4u.com\/wp-content\/uploads\/2024\/03\/DSC00325.jpg\u201d custom_margin=\u201d||||false|false\u201d custom_margin_tablet=\u201d||||false|false\u201d custom_margin_phone=\u201d||||false|false\u201d custom_margin_last_edited=\u201con|desktop\u201d custom_padding=\u201c300px||300px||true|false\u201d custom_padding_tablet=\u201c150px||150px||false|false\u201d custom_padding_phone=\u201c150px||150px||true|false\u201d locked=\u201coff\u201d global_colors_info=\u201d{}\u201d][\/et_pb_section][et_pb_section fb_built=\u201c1\u201d _builder_version=\u201c4.20.2\u201d _module_preset=\u201cdefault\u201d global_colors_info=\u201d{}\u201d][et_pb_row column_structure=\u201c2_5,3_5\u201d use_custom_gutter=\u201con\u201d gutter_width=\u201c2\u201d make_equal=\u201con\u201d module_id=\u201creverse-columns\u201d module_class=\u201creverse-columns\u201d _builder_version=\u201c4.24.2\u201d _module_preset=\u201cdefault\u201d custom_margin=\u201d-300px||50px||false|false\u201d custom_margin_tablet=\u201c0px||||false|false\u201d custom_margin_phone=\u201c0px||||false|false\u201d custom_margin_last_edited=\u201con|tablet\u201d custom_css_main_element=\u201calign-items: flex-end;\u201d global_colors_info=\u201d{}\u201d][et_pb_column type=\u201c2_5\u201d _builder_version=\u201c4.24.2\u201d _module_preset=\u201cdefault\u201d custom_padding_tablet=\u201c60px||||false|false\u201d custom_padding_phone=\u201c50px||||false|false\u201d custom_padding_last_edited=\u201con|phone\u201d global_colors_info=\u201d{}\u201d][\/et_pb_column][et_pb_column type=\u201c3_5\u201d _builder_version=\u201c4.24.2\u201d _module_preset=\u201cdefault\u201d background_color=\u201c#f6f5f1\u201d custom_padding=\u201c50px|50px|50px|50px|true|true\u201d custom_padding_tablet=\u201c30px|30px|30px|30px|true|true\u201d custom_padding_phone=\u201c20px|20px|20px|20px|true|true\u201d custom_padding_last_edited=\u201con|tablet\u201d border_radii=\u201con|5px|5px|5px|5px\u201d box_shadow_style=\u201cpreset1\u201d box_shadow_blur=\u201c30px\u201d box_shadow_color=\u201crgba(0,0,0,0.16)\u201d global_colors_info=\u201d{}\u201d][dipi_dual_heading first_heading=\u201cBusiness-\u201d second_heading=\u201cSeminare\u201d heading_display=\u201ccolumn\u201d fh_padding=\u201c40px|80px|40px|80px|true|true\u201d sh_padding=\u201c55px|3px|8px|3px|false|false\u201d fh_padding_tablet=\u201c40px|80px|40px|80px|true|true\u201d fh_padding_phone=\u201c40px|80px|20px|80px|false|true\u201d fh_padding_last_edited=\u201con|phone\u201d _builder_version=\u201c4.24.2\u201d _module_preset=\u201cdefault\u201d first_heading_font=\u201cScriptina Pro||||||||\u201d first_heading_text_color=\u201c#000000\u201d first_heading_font_size=\u201c60px\u201d first_heading_line_height=\u201c1.2em\u201d second_heading_font=\u201cIbarra Real Nova||||||||\u201d second_heading_text_color=\u201c#E5C8A0\u201d second_heading_font_size=\u201c80px\u201d second_heading_letter_spacing=\u201d-2px\u201d second_heading_line_height=\u201c1em\u201d custom_margin=\u201d||||false|false\u201d custom_padding=\u201d||||false|false\u201d first_heading_font_size_tablet=\u201c50px\u201d first_heading_font_size_phone=\u201c40px\u201d first_heading_font_size_last_edited=\u201con|phone\u201d second_heading_font_size_tablet=\u201c80px\u201d second_heading_font_size_phone=\u201c50px\u201d second_heading_font_size_last_edited=\u201con|phone\u201d locked=\u201coff\u201d global_colors_info=\u201d{}\u201d][\/dipi_dual_heading][et_pb_text _builder_version=\u201c4.24.2\u201d _module_preset=\u201cdefault\u201d text_line_height=\u201c1.75em\u201d text_font_size_tablet=\u201d\u201d text_font_size_phone=\u201d\u201d text_font_size_last_edited=\u201con|phone\u201d global_colors_info=\u201d{}\u201d]<\/p>\n<p><strong>Ein Ort f\u00fcr \u201eIdeenaus\u00adtausch und Kreativ\u00adit\u00e4t\u201c<\/strong><br>Une Cam\u00adpagne en Provence ist ein Ort der Inspi\u00adra\u00adtion, des Ideenaus\u00adtauschs und der Kreativ\u00adit\u00e4t, der auch f\u00fcr Arbeits\u00adgrup\u00adpen voll aus\u00adges\u00adtat\u00adtet ist. Anstatt der 4 oder 5 Sterne Hotels w\u00fcn\u00adschen sich immer mehr Leute eine nat\u00fcr\u00adliche Atmo\u00adsph\u00e4re, in der sie kreativ arbeit\u00aden k\u00f6n\u00adnen.<\/p>\n<p>[\/et_pb_text][\/et_pb_column][\/et_pb_row][et_pb_row column_structure=\u201c1_5,3_5,1_5\u201d _builder_version=\u201c4.24.2\u201d _module_preset=\u201cdefault\u201d custom_margin=\u201d||||false|false\u201d custom_padding=\u201c20px||60px||false|false\u201d locked=\u201coff\u201d global_colors_info=\u201d{}\u201d][et_pb_column type=\u201c1_5\u201d _builder_version=\u201c4.20.2\u201d _module_preset=\u201cdefault\u201d global_colors_info=\u201d{}\u201d][\/et_pb_column][et_pb_column type=\u201c3_5\u201d _builder_version=\u201c4.20.2\u201d _module_preset=\u201cdefault\u201d global_colors_info=\u201d{}\u201d][dipi_pricing_table _builder_version=\u201c4.24.2\u201d _module_preset=\u201cdefault\u201d locked=\u201coff\u201d global_colors_info=\u201d{}\u201d][dipi_pricing_table_item text_content=\u201d<\/p>\n<p>Hier herrscht eine solch andere Kulisse. Der Besprechungstisch kann im Schat\u00adten unter den Plan\u00adta\u00adnen oder im gro\u00dfen Saal der alten Berg\u00aderie plaziert wer\u00adden. Die Pr\u00e4sen\u00adta\u00adtio\u00adnen k\u00f6n\u00adnen in dem speziel rekon\u00adstru\u00adierten alten Kel\u00adlergew\u00f6lbe vor\u00adge\u00adtra\u00adgen wer\u00adden. Das Brain\u00adstorm\u00ading kann mit einem k\u00fchlen Ros\u00e9 oder mit einem proven\u00adza\u00adlis\u00adchen Essen abgerun\u00addet wer\u00adden.<\/p>\n<p>\u201d _builder_version=\u201c4.24.2\u201d _module_preset=\u201cdefault\u201d default_text_align=\u201cleft\u201d custom_padding=\u201d||15px||false|false\u201d global_colors_info=\u201d{}\u201d][\/dipi_pricing_table_item][dipi_pricing_table_item text_content=\u201d<\/p>\n<p>Es man\u00adgelt selb\u00adstver\u00adst\u00e4ndlich nicht an mod\u00ader\u00adnen Tech\u00adnolo\u00adgien wie LCD Pro\u00adjek\u00adtor, Inter\u00adnet Verbindun\u00adgen in allen R\u00e4u\u00admen und an der Emp\u00adfangsecke.<\/p>\n<p>\u201d _builder_version=\u201c4.24.2\u201d _module_preset=\u201cdefault\u201d default_text_align=\u201cleft\u201d custom_padding=\u201d||15px||false|false\u201d global_colors_info=\u201d{}\u201d][\/dipi_pricing_table_item][dipi_pricing_table_item item_type=\u201cFeature\u201d feature_text=\u201cKapazit\u00e4t der Einzelz\u00adim\u00admer: 12 Per\u00adso\u00adn\u00aden\u201d feature_icon=\u201c\uf500||fa||900\u201d feature_icon_color=\u201c#000000\u201d feature_icon_padding=\u201c0px|12px|0px|0px|false|false\u201d _builder_version=\u201c4.24.2\u201d _module_preset=\u201cdefault\u201d default_font=\u201d||||||||\u201d default_text_align=\u201cleft\u201d default_text_color=\u201c#000000\u201d default_font_size=\u201c18px\u201d default_letter_spacing=\u201c0px\u201d default_line_height=\u201c1.55em\u201d text_orientation=\u201cleft\u201d custom_margin=\u201d||18px||false|false\u201d global_colors_info=\u201d{}\u201d][\/dipi_pricing_table_item][dipi_pricing_table_item item_type=\u201cFeature\u201d feature_text=\u201cVollpension\u201d feature_icon=\u201c\uf2e7||fa||900\u201d feature_icon_color=\u201c#000000\u201d feature_icon_padding=\u201c0px|12px|0px|0px|false|false\u201d _builder_version=\u201c4.24.2\u201d _module_preset=\u201cdefault\u201d default_font=\u201d||||||||\u201d default_text_align=\u201cleft\u201d default_text_color=\u201c#000000\u201d default_font_size=\u201c18px\u201d default_letter_spacing=\u201c0px\u201d default_line_height=\u201c1.55em\u201d text_orientation=\u201cleft\u201d custom_margin=\u201d||18px||false|false\u201d global_colors_info=\u201d{}\u201d][\/dipi_pricing_table_item][dipi_pricing_table_item item_type=\u201cFeature\u201d feature_text=\u201cAudio- Video-Ger\u00e4te und Emp\u00adfangsecke\u201d feature_icon=\u201c\uf87c||fa||900\u201d feature_icon_color=\u201c#000000\u201d feature_icon_padding=\u201c0px|12px|0px|0px|false|false\u201d _builder_version=\u201c4.24.2\u201d _module_preset=\u201cdefault\u201d default_font=\u201d||||||||\u201d default_text_align=\u201cleft\u201d default_text_color=\u201c#000000\u201d default_font_size=\u201c18px\u201d default_letter_spacing=\u201c0px\u201d default_line_height=\u201c1.55em\u201d text_orientation=\u201cleft\u201d custom_margin=\u201d||18px||false|false\u201d global_colors_info=\u201d{}\u201d][\/dipi_pricing_table_item][dipi_pricing_table_item item_type=\u201cFeature\u201d feature_text=\u201cInternetverbindungen\u201d feature_icon=\u201c\uf1eb||fa||900\u201d feature_icon_color=\u201c#000000\u201d feature_icon_padding=\u201c0px|12px|0px|0px|false|false\u201d _builder_version=\u201c4.24.2\u201d _module_preset=\u201cdefault\u201d default_font=\u201d||||||||\u201d default_text_align=\u201cleft\u201d default_text_color=\u201c#000000\u201d default_font_size=\u201c18px\u201d default_letter_spacing=\u201c0px\u201d default_line_height=\u201c1.55em\u201d text_orientation=\u201cleft\u201d custom_margin=\u201d||18px||false|false\u201d global_colors_info=\u201d{}\u201d][\/dipi_pricing_table_item][\/dipi_pricing_table][et_pb_text _builder_version=\u201c4.24.2\u201d _module_preset=\u201cdefault\u201d text_font=\u201d||||||||\u201d text_text_color=\u201c#000000\u201d text_font_size=\u201c20px\u201d link_font=\u201d||||||||\u201d link_text_color=\u201c#000000\u201d transform_translate_linked__hover=\u201coff\u201d text_orientation=\u201ccenter\u201d custom_margin=\u201c40px|||||\u201d link_option_url=\u201cmailto:info@provence4u.com?subject=Budget%20on%20demand\u201d locked=\u201coff\u201d global_colors_info=\u201d{}\u201d transform_styles__hover_enabled=\u201con|hover\u201d transform_scale__hover_enabled=\u201con|hover\u201d transform_translate__hover_enabled=\u201con|hover\u201d transform_rotate__hover_enabled=\u201con|desktop\u201d transform_skew__hover_enabled=\u201con|desktop\u201d transform_origin__hover_enabled=\u201con|desktop\u201d transform_translate__hover=\u201c5px|0px\u201d]<\/p>\n<p>Bud\u00adget auf Anfrage \u2192<\/p>\n<p>[\/et_pb_text][et_pb_text _builder_version=\u201c4.24.2\u201d _module_preset=\u201cdefault\u201d text_font=\u201d||||||||\u201d text_text_color=\u201c#000000\u201d text_font_size=\u201c20px\u201d link_font=\u201d||||||||\u201d link_text_color=\u201c#000000\u201d transform_translate_linked__hover=\u201coff\u201d text_orientation=\u201ccenter\u201d custom_margin=\u201c40px|||||\u201d link_option_url=\u201cmailto:info@provence4u.com?subject=Brochure%20on%20demand\u201d hover_enabled=\u201c0\u201d locked=\u201coff\u201d global_colors_info=\u201d{}\u201d transform_styles__hover_enabled=\u201con|hover\u201d transform_scale__hover_enabled=\u201con|hover\u201d transform_translate__hover_enabled=\u201con|hover\u201d transform_rotate__hover_enabled=\u201con|desktop\u201d transform_skew__hover_enabled=\u201con|desktop\u201d transform_origin__hover_enabled=\u201con|desktop\u201d transform_translate__hover=\u201c5px|0px\u201d sticky_enabled=\u201c0\u201d]<\/p>\n<p>Brosch\u00fcre auf Anfrage \u2192<\/p>\n<p>[\/et_pb_text][\/et_pb_column][et_pb_column type=\u201c1_5\u201d _builder_version=\u201c4.20.2\u201d _module_preset=\u201cdefault\u201d global_colors_info=\u201d{}\u201d][\/et_pb_column][\/et_pb_row][\/et_pb_section]<\/p>\n","protected":false},"excerpt":{"rendered":"<p><\/p><div class=\"et_pb_module dipi_dual_heading dipi_dual_heading_0\">\n\t\t\t\t\n\t\t\t\t\n\t\t\t\t\n\t\t\t\t\n\t\t\t\t\n\t\t\t\t\n\t\t\t\t<div class=\"et_pb_module_inner\">\n\t\t\t\t\t\n                <div class=\"dipi-dual-heading \">\n                    <h2 class=\"dipi-dh-main\">\n                        <span class=\"dipi-dh-first-heading\">\n                            <span class=\"dipi-dh-animation-container\">\n                                <span class=\"dipi-dh-bg-container\">\n                                    Business-\n                                <\/span>\n                            <\/span>\n                        <\/span>\n                        <span class=\"dipi-dh-second-heading\">\n                            <span class=\"dipi-dh-animation-container\">\n                                <span class=\"dipi-dh-bg-container\">\n                                    Seminare\n                                <\/span>\n                            <\/span>\n                        <\/span>\n                    <\/h2>\n                <\/div>\n\t\t\t\t<\/div>\n\t\t\t<\/div>Ein Ort f\u00fcr \u201eIdeenaus\u00adtausch und Kreativit\u00e4t\u201cUne Cam\u00adpagne en Provence ist ein Ort der Inspi\u00adra\u00adtion, des Ideenaus\u00adtauschs und der Kreativ\u00adit\u00e4t, der auch f\u00fcr Arbeits\u00adgrup\u00adpen [\u2026]\n","protected":false},"author":1,"featured_media":0,"parent":8939,"menu_order":0,"comment_status":"closed","ping_status":"closed","template":"","meta":{"_et_pb_use_builder":"on","_et_pb_old_content":"","_et_gb_content_width":"","wp_typography_post_enhancements_disabled":false,"footnotes":""},"dipi_cpt_category":[],"class_list":["post-9100","page","type-page","status-publish","hentry"],"yoast_head":"<!-- This site is optimized with the Yoast SEO plugin v27.4 - https:\/\/yoast.com\/product\/yoast-seo-wordpress\/ -->\n<title>Seminare<\/title>\n<meta name=\"description\" content=\"Erleben Sie die ruhige Umgebung im Weinberg in der Provence. Konferenzen und Seminare um neue Ideen und Kreativit\u00e4t aufzubauen. Sch\u00f6ne Unterk\u00fcnfte mit Fr\u00fchst\u00fcck.\" \/>\n<meta name=\"robots\" content=\"index, follow, max-snippet:-1, max-image-preview:large, max-video-preview:-1\" \/>\n<link rel=\"canonical\" href=\"https:\/\/www.provence4u.com\/de\/aktiv-in-der-provence\/seminare\/\" \/>\n<meta property=\"og:locale\" content=\"de_DE\" \/>\n<meta property=\"og:type\" content=\"article\" \/>\n<meta property=\"og:title\" content=\"Seminare\" \/>\n<meta property=\"og:description\" content=\"Erleben Sie die ruhige Umgebung im Weinberg in der Provence. Konferenzen und Seminare um neue Ideen und Kreativit\u00e4t aufzubauen. Sch\u00f6ne Unterk\u00fcnfte mit Fr\u00fchst\u00fcck.\" \/>\n<meta property=\"og:url\" content=\"https:\/\/www.provence4u.com\/de\/aktiv-in-der-provence\/seminare\/\" \/>\n<meta property=\"og:site_name\" content=\"Une Campagne en Provence\" \/>\n<meta property=\"article:publisher\" content=\"https:\/\/www.facebook.com\/provencerelax\" \/>\n<meta property=\"article:modified_time\" content=\"2024-06-13T13:47:31+00:00\" \/>\n<meta property=\"og:image\" content=\"https:\/\/www.provence4u.com\/wp-content\/uploads\/2024\/02\/Une-Campagne-en-Provence.jpg\" \/>\n\t<meta property=\"og:image:width\" content=\"1920\" \/>\n\t<meta property=\"og:image:height\" content=\"1100\" \/>\n\t<meta property=\"og:image:type\" content=\"image\/jpeg\" \/>\n<meta name=\"twitter:card\" content=\"summary_large_image\" \/>\n<meta name=\"twitter:label1\" content=\"Gesch\u00e4tzte Lesezeit\" \/>\n\t<meta name=\"twitter:data1\" content=\"6\u00a0Minuten\" \/>\n<script type=\"application\/ld+json\" class=\"yoast-schema-graph\">{\"@context\":\"https:\\\/\\\/schema.org\",\"@graph\":[{\"@type\":\"WebPage\",\"@id\":\"https:\\\/\\\/www.provence4u.com\\\/de\\\/aktiv-in-der-provence\\\/seminare\\\/\",\"url\":\"https:\\\/\\\/www.provence4u.com\\\/de\\\/aktiv-in-der-provence\\\/seminare\\\/\",\"name\":\"Seminare\",\"isPartOf\":{\"@id\":\"https:\\\/\\\/www.provence4u.com\\\/de\\\/#website\"},\"datePublished\":\"2024-03-24T19:48:30+00:00\",\"dateModified\":\"2024-06-13T13:47:31+00:00\",\"description\":\"Erleben Sie die ruhige Umgebung im Weinberg in der Provence. Konferenzen und Seminare um neue Ideen und Kreativit\u00e4t aufzubauen. Sch\u00f6ne Unterk\u00fcnfte mit Fr\u00fchst\u00fcck.\",\"breadcrumb\":{\"@id\":\"https:\\\/\\\/www.provence4u.com\\\/de\\\/aktiv-in-der-provence\\\/seminare\\\/#breadcrumb\"},\"inLanguage\":\"de\",\"potentialAction\":[{\"@type\":\"ReadAction\",\"target\":[\"https:\\\/\\\/www.provence4u.com\\\/de\\\/aktiv-in-der-provence\\\/seminare\\\/\"]}]},{\"@type\":\"BreadcrumbList\",\"@id\":\"https:\\\/\\\/www.provence4u.com\\\/de\\\/aktiv-in-der-provence\\\/seminare\\\/#breadcrumb\",\"itemListElement\":[{\"@type\":\"ListItem\",\"position\":1,\"name\":\"Home\",\"item\":\"https:\\\/\\\/www.provence4u.com\\\/de\\\/startseite\\\/\"},{\"@type\":\"ListItem\",\"position\":2,\"name\":\"Aktiv in der Provence\",\"item\":\"https:\\\/\\\/www.provence4u.com\\\/de\\\/aktiv-in-der-provence\\\/\"},{\"@type\":\"ListItem\",\"position\":3,\"name\":\"Seminare\"}]},{\"@type\":\"WebSite\",\"@id\":\"https:\\\/\\\/www.provence4u.com\\\/de\\\/#website\",\"url\":\"https:\\\/\\\/www.provence4u.com\\\/de\\\/\",\"name\":\"Une Campagne en Provence\",\"description\":\"Bed and Breakfast\",\"publisher\":{\"@id\":\"https:\\\/\\\/www.provence4u.com\\\/de\\\/#organization\"},\"potentialAction\":[{\"@type\":\"SearchAction\",\"target\":{\"@type\":\"EntryPoint\",\"urlTemplate\":\"https:\\\/\\\/www.provence4u.com\\\/de\\\/?s={search_term_string}\"},\"query-input\":{\"@type\":\"PropertyValueSpecification\",\"valueRequired\":true,\"valueName\":\"search_term_string\"}}],\"inLanguage\":\"de\"},{\"@type\":\"Organization\",\"@id\":\"https:\\\/\\\/www.provence4u.com\\\/de\\\/#organization\",\"name\":\"Une Campagne en Provence\",\"url\":\"https:\\\/\\\/www.provence4u.com\\\/de\\\/\",\"logo\":{\"@type\":\"ImageObject\",\"inLanguage\":\"de\",\"@id\":\"https:\\\/\\\/www.provence4u.com\\\/de\\\/#\\\/schema\\\/logo\\\/image\\\/\",\"url\":\"https:\\\/\\\/www.provence4u.com\\\/wp-content\\\/uploads\\\/2024\\\/01\\\/Logo-black.svg\",\"contentUrl\":\"https:\\\/\\\/www.provence4u.com\\\/wp-content\\\/uploads\\\/2024\\\/01\\\/Logo-black.svg\",\"width\":1,\"height\":1,\"caption\":\"Une Campagne en Provence\"},\"image\":{\"@id\":\"https:\\\/\\\/www.provence4u.com\\\/de\\\/#\\\/schema\\\/logo\\\/image\\\/\"},\"sameAs\":[\"https:\\\/\\\/www.facebook.com\\\/provencerelax\",\"https:\\\/\\\/www.pinterest.de\\\/fussler\\\/une-campagne-en-provence\\\/\"]}]}<\/script>\n<!-- \/ Yoast SEO plugin. -->","yoast_head_json":{"title":"Seminare","description":"Erleben Sie die ruhige Umgebung im Weinberg in der Provence. Konferenzen und Seminare um neue Ideen und Kreativit\u00e4t aufzubauen. Sch\u00f6ne Unterk\u00fcnfte mit Fr\u00fchst\u00fcck.","robots":{"index":"index","follow":"follow","max-snippet":"max-snippet:-1","max-image-preview":"max-image-preview:large","max-video-preview":"max-video-preview:-1"},"canonical":"https:\/\/www.provence4u.com\/de\/aktiv-in-der-provence\/seminare\/","og_locale":"de_DE","og_type":"article","og_title":"Seminare","og_description":"Erleben Sie die ruhige Umgebung im Weinberg in der Provence. Konferenzen und Seminare um neue Ideen und Kreativit\u00e4t aufzubauen. Sch\u00f6ne Unterk\u00fcnfte mit Fr\u00fchst\u00fcck.","og_url":"https:\/\/www.provence4u.com\/de\/aktiv-in-der-provence\/seminare\/","og_site_name":"Une Campagne en Provence","article_publisher":"https:\/\/www.facebook.com\/provencerelax","article_modified_time":"2024-06-13T13:47:31+00:00","og_image":[{"width":1920,"height":1100,"url":"https:\/\/www.provence4u.com\/wp-content\/uploads\/2024\/02\/Une-Campagne-en-Provence.jpg","type":"image\/jpeg"}],"twitter_card":"summary_large_image","twitter_misc":{"Gesch\u00e4tzte Lesezeit":"6\u00a0Minuten"},"schema":{"@context":"https:\/\/schema.org","@graph":[{"@type":"WebPage","@id":"https:\/\/www.provence4u.com\/de\/aktiv-in-der-provence\/seminare\/","url":"https:\/\/www.provence4u.com\/de\/aktiv-in-der-provence\/seminare\/","name":"Seminare","isPartOf":{"@id":"https:\/\/www.provence4u.com\/de\/#website"},"datePublished":"2024-03-24T19:48:30+00:00","dateModified":"2024-06-13T13:47:31+00:00","description":"Erleben Sie die ruhige Umgebung im Weinberg in der Provence. Konferenzen und Seminare um neue Ideen und Kreativit\u00e4t aufzubauen. Sch\u00f6ne Unterk\u00fcnfte mit Fr\u00fchst\u00fcck.","breadcrumb":{"@id":"https:\/\/www.provence4u.com\/de\/aktiv-in-der-provence\/seminare\/#breadcrumb"},"inLanguage":"de","potentialAction":[{"@type":"ReadAction","target":["https:\/\/www.provence4u.com\/de\/aktiv-in-der-provence\/seminare\/"]}]},{"@type":"BreadcrumbList","@id":"https:\/\/www.provence4u.com\/de\/aktiv-in-der-provence\/seminare\/#breadcrumb","itemListElement":[{"@type":"ListItem","position":1,"name":"Home","item":"https:\/\/www.provence4u.com\/de\/startseite\/"},{"@type":"ListItem","position":2,"name":"Aktiv in der Provence","item":"https:\/\/www.provence4u.com\/de\/aktiv-in-der-provence\/"},{"@type":"ListItem","position":3,"name":"Seminare"}]},{"@type":"WebSite","@id":"https:\/\/www.provence4u.com\/de\/#website","url":"https:\/\/www.provence4u.com\/de\/","name":"Une Campagne en Provence","description":"Bed and Breakfast","publisher":{"@id":"https:\/\/www.provence4u.com\/de\/#organization"},"potentialAction":[{"@type":"SearchAction","target":{"@type":"EntryPoint","urlTemplate":"https:\/\/www.provence4u.com\/de\/?s={search_term_string}"},"query-input":{"@type":"PropertyValueSpecification","valueRequired":true,"valueName":"search_term_string"}}],"inLanguage":"de"},{"@type":"Organization","@id":"https:\/\/www.provence4u.com\/de\/#organization","name":"Une Campagne en Provence","url":"https:\/\/www.provence4u.com\/de\/","logo":{"@type":"ImageObject","inLanguage":"de","@id":"https:\/\/www.provence4u.com\/de\/#\/schema\/logo\/image\/","url":"https:\/\/www.provence4u.com\/wp-content\/uploads\/2024\/01\/Logo-black.svg","contentUrl":"https:\/\/www.provence4u.com\/wp-content\/uploads\/2024\/01\/Logo-black.svg","width":1,"height":1,"caption":"Une Campagne en Provence"},"image":{"@id":"https:\/\/www.provence4u.com\/de\/#\/schema\/logo\/image\/"},"sameAs":["https:\/\/www.facebook.com\/provencerelax","https:\/\/www.pinterest.de\/fussler\/une-campagne-en-provence\/"]}]}},"_links":{"self":[{"href":"https:\/\/www.provence4u.com\/de\/wp-json\/wp\/v2\/pages\/9100","targetHints":{"allow":["GET"]}}],"collection":[{"href":"https:\/\/www.provence4u.com\/de\/wp-json\/wp\/v2\/pages"}],"about":[{"href":"https:\/\/www.provence4u.com\/de\/wp-json\/wp\/v2\/types\/page"}],"author":[{"embeddable":true,"href":"https:\/\/www.provence4u.com\/de\/wp-json\/wp\/v2\/users\/1"}],"replies":[{"embeddable":true,"href":"https:\/\/www.provence4u.com\/de\/wp-json\/wp\/v2\/comments?post=9100"}],"version-history":[{"count":2,"href":"https:\/\/www.provence4u.com\/de\/wp-json\/wp\/v2\/pages\/9100\/revisions"}],"predecessor-version":[{"id":9102,"href":"https:\/\/www.provence4u.com\/de\/wp-json\/wp\/v2\/pages\/9100\/revisions\/9102"}],"up":[{"embeddable":true,"href":"https:\/\/www.provence4u.com\/de\/wp-json\/wp\/v2\/pages\/8939"}],"wp:attachment":[{"href":"https:\/\/www.provence4u.com\/de\/wp-json\/wp\/v2\/media?parent=9100"}],"wp:term":[{"taxonomy":"dipi_cpt_category","embeddable":true,"href":"https:\/\/www.provence4u.com\/de\/wp-json\/wp\/v2\/dipi_cpt_category?post=9100"}],"curies":[{"name":"wp","href":"https:\/\/api.w.org\/{rel}","templated":true}]}}