{"id":8736,"date":"2024-03-25T15:15:30","date_gmt":"2024-03-25T14:15:30","guid":{"rendered":"https:\/\/www.provence4u.com\/descubrimientos\/"},"modified":"2024-08-26T13:11:35","modified_gmt":"2024-08-26T11:11:35","slug":"descubrimientos","status":"publish","type":"page","link":"https:\/\/www.provence4u.com\/es\/informacion\/descubrimientos\/","title":{"rendered":"Descubrimientos"},"content":{"rendered":"<p>[et_pb_section fb_built=\u201c1\u201d custom_padding_last_edited=\u201con|phone\u201d _builder_version=\u201c4.24.2\u201d _module_preset=\u201cdefault\u201d background_image=\u201chttps:\/\/www.provence4u.com\/wp-content\/uploads\/2024\/03\/activities-2-wide.jpg\u201d background_position=\u201ctop_center\u201d custom_margin=\u201d||||false|false\u201d custom_margin_tablet=\u201d||||false|false\u201d custom_margin_phone=\u201d||||false|false\u201d custom_margin_last_edited=\u201con|desktop\u201d custom_padding=\u201c300px||300px||true|false\u201d custom_padding_tablet=\u201c150px||150px||false|false\u201d custom_padding_phone=\u201c150px||150px||true|false\u201d locked=\u201coff\u201d global_colors_info=\u201d{}\u201d][\/et_pb_section][et_pb_section fb_built=\u201c1\u201d _builder_version=\u201c4.20.2\u201d _module_preset=\u201cdefault\u201d global_colors_info=\u201d{}\u201d][et_pb_row column_structure=\u201c2_5,3_5\u201d use_custom_gutter=\u201con\u201d gutter_width=\u201c2\u201d make_equal=\u201con\u201d module_id=\u201creverse-columns\u201d module_class=\u201creverse-columns\u201d _builder_version=\u201c4.24.2\u201d _module_preset=\u201cdefault\u201d custom_margin=\u201d-300px||50px||false|false\u201d custom_margin_tablet=\u201c0px||||false|false\u201d custom_margin_phone=\u201c0px||||false|false\u201d custom_margin_last_edited=\u201con|tablet\u201d custom_css_main_element=\u201calign-items: flex-end;\u201d global_colors_info=\u201d{}\u201d][et_pb_column type=\u201c2_5\u201d _builder_version=\u201c4.24.2\u201d _module_preset=\u201cdefault\u201d custom_padding_tablet=\u201c60px||||false|false\u201d custom_padding_phone=\u201c50px||||false|false\u201d custom_padding_last_edited=\u201con|phone\u201d global_colors_info=\u201d{}\u201d][\/et_pb_column][et_pb_column type=\u201c3_5\u201d _builder_version=\u201c4.24.2\u201d _module_preset=\u201cdefault\u201d background_color=\u201c#f6f5f1\u201d custom_padding=\u201c50px|50px|50px|50px|true|true\u201d custom_padding_tablet=\u201c30px|30px|30px|30px|true|true\u201d custom_padding_phone=\u201c20px|20px|20px|20px|true|true\u201d custom_padding_last_edited=\u201con|tablet\u201d border_radii=\u201con|5px|5px|5px|5px\u201d box_shadow_style=\u201cpreset1\u201d box_shadow_blur=\u201c30px\u201d box_shadow_color=\u201crgba(0,0,0,0.16)\u201d global_colors_info=\u201d{}\u201d][et_pb_text _builder_version=\u201c4.25.1\u201d _module_preset=\u201cdefault\u201d text_font=\u201d||||||||\u201d header_2_font=\u201cIbarra Real Nova|500|||||||\u201d header_2_text_align=\u201ccenter\u201d header_2_text_color=\u201c#e5c8a0\u201d header_2_font_size=\u201c80px\u201d header_2_letter_spacing=\u201d-2px\u201d custom_margin=\u201d||||false|false\u201d custom_margin_tablet=\u201d\u201d custom_margin_phone=\u201c30px||||false|false\u201d custom_margin_last_edited=\u201con|phone\u201d hover_enabled=\u201c0\u201d header_2_font_size_tablet=\u201d\u201d header_2_font_size_phone=\u201c50px\u201d header_2_font_size_last_edited=\u201con|phone\u201d global_colors_info=\u201d{}\u201d sticky_enabled=\u201c0\u201d]<\/p>\n<h2>Descubrimientos<\/h2>\n<p>[\/et_pb_text][et_pb_text _builder_version=\u201c4.25.1\u201d _module_preset=\u201cdefault\u201d text_line_height=\u201c1.75em\u201d hover_enabled=\u201c0\u201d text_font_size_tablet=\u201d\u201d text_font_size_phone=\u201d\u201d text_font_size_last_edited=\u201con|phone\u201d global_colors_info=\u201d{}\u201d sticky_enabled=\u201c0\u201d]La Proven\u00adza y el Var son una tier\u00adra de ale\u00adgr\u00eda de vivir y belleza. Te ayu\u00addare\u00admos a ele\u00adgir des\u00adcubrim\u00adien\u00adtos inolvid\u00adables: el ambi\u00adente ale\u00adgre de los mer\u00adca\u00addos de nue\u00adstros pueb\u00adlos, sus fies\u00adtas, las exposi\u00adciones de arte\u00adsan\u00eda, la majes\u00adtu\u00adosi\u00addad de san\u00adtu\u00adar\u00adios y panora\u00admas, las playas de la Cos\u00adta Azul, el Ca\u00f1\u00f3n del Ver\u00addon a las puer\u00adtas de los Alpes, la vital\u00adi\u00addad cul\u00adtur\u00adal de Aix-en-Provence, Marsel\u00adla\u2026 Pero t\u00f3mate tu tiem\u00adpo y \u00a1sigue vinien\u00addo a por m\u00e1s![\/et_pb_text][\/et_pb_column][\/et_pb_row][et_pb_row column_structure=\u201c1_5,3_5,1_5\u201d _builder_version=\u201c4.24.2\u201d _module_preset=\u201cdefault\u201d custom_margin=\u201d||||false|false\u201d custom_padding=\u201c20px||60px||false|false\u201d locked=\u201coff\u201d global_colors_info=\u201d{}\u201d][et_pb_column type=\u201c1_5\u201d _builder_version=\u201c4.20.2\u201d _module_preset=\u201cdefault\u201d global_colors_info=\u201d{}\u201d][\/et_pb_column][et_pb_column type=\u201c3_5\u201d _builder_version=\u201c4.20.2\u201d _module_preset=\u201cdefault\u201d global_colors_info=\u201d{}\u201d][et_pb_code _builder_version=\u201c4.24.2\u201d _module_preset=\u201cdefault\u201d min_height=\u201c600px\u201d min_height_tablet=\u201c600px\u201d min_height_phone=\u201c600px\u201d min_height_last_edited=\u201con|desktop\u201d global_colors_info=\u201d{}\u201d]<iframe loading=\"lazy\" style=\"overflow: hidden; height: 100%; width: 100%; min-height: 600px;\" src=\"https:\/\/www.la-provence-verte.net\/actualites\/module-manifestations.php?ville=\" name=\"manifestations\" width=\"100%\" height=\"600\" frameborder=\"0\"><\/iframe>[\/et_pb_code][\/et_pb_column][et_pb_column type=\u201c1_5\u201d _builder_version=\u201c4.20.2\u201d _module_preset=\u201cdefault\u201d global_colors_info=\u201d{}\u201d][\/et_pb_column][\/et_pb_row][\/et_pb_section]<\/p>\n","protected":false},"excerpt":{"rendered":"<p>Des\u00adcubrim\u00adien\u00adtosLa Proven\u00adza y el Var son una tier\u00adra de ale\u00adgr\u00eda de vivir y belleza. Te ayu\u00addare\u00admos a ele\u00adgir des\u00adcubrim\u00adien\u00adtos inolvid\u00adables: el ambi\u00adente ale\u00adgre de los mer\u00adca\u00addos de nue\u00adstros pueb\u00adlos, sus fies\u00adtas, las exposi\u00adciones de arte\u00adsan\u00eda, la majes\u00adtu\u00adosi\u00addad de san\u00adtu\u00adar\u00adios y panora\u00admas, las playas de la Cos\u00adta Azul, el Ca\u00f1\u00f3n del Ver\u00addon a las puer\u00adtas de [\u2026]<\/p>\n","protected":false},"author":1,"featured_media":0,"parent":9435,"menu_order":0,"comment_status":"closed","ping_status":"closed","template":"","meta":{"_et_pb_use_builder":"on","_et_pb_old_content":"","_et_gb_content_width":"","wp_typography_post_enhancements_disabled":false,"footnotes":""},"dipi_cpt_category":[],"class_list":["post-8736","page","type-page","status-publish","hentry"],"yoast_head":"<!-- This site is optimized with the Yoast SEO plugin v27.4 - https:\/\/yoast.com\/product\/yoast-seo-wordpress\/ -->\n<title>Descubre los mercados, festivales y exposiciones de artesan\u00eda de los pueblos<\/title>\n<meta name=\"description\" content=\"Descubre los mercados y festivales de los pueblos, las exposiciones de artesan\u00eda, las playas de la Costa Azul y el Ca\u00f1\u00f3n del Verdon, a las puertas de los Alpes.\" \/>\n<meta name=\"robots\" content=\"index, follow, max-snippet:-1, max-image-preview:large, max-video-preview:-1\" \/>\n<link rel=\"canonical\" href=\"https:\/\/www.provence4u.com\/es\/informacion\/descubrimientos\/\" \/>\n<meta property=\"og:locale\" content=\"es_ES\" \/>\n<meta property=\"og:type\" content=\"article\" \/>\n<meta property=\"og:title\" content=\"Descubre los mercados, festivales y exposiciones de artesan\u00eda de los pueblos\" \/>\n<meta property=\"og:description\" content=\"Descubre los mercados y festivales de los pueblos, las exposiciones de artesan\u00eda, las playas de la Costa Azul y el Ca\u00f1\u00f3n del Verdon, a las puertas de los Alpes.\" \/>\n<meta property=\"og:url\" content=\"https:\/\/www.provence4u.com\/es\/informacion\/descubrimientos\/\" \/>\n<meta property=\"og:site_name\" content=\"Une Campagne en Provence\" \/>\n<meta property=\"article:publisher\" content=\"https:\/\/www.facebook.com\/provencerelax\" \/>\n<meta property=\"article:modified_time\" content=\"2024-08-26T11:11:35+00:00\" \/>\n<meta property=\"og:image\" content=\"https:\/\/www.provence4u.com\/wp-content\/uploads\/2024\/02\/Une-Campagne-en-Provence.jpg\" \/>\n\t<meta property=\"og:image:width\" content=\"1920\" \/>\n\t<meta property=\"og:image:height\" content=\"1100\" \/>\n\t<meta property=\"og:image:type\" content=\"image\/jpeg\" \/>\n<meta name=\"twitter:card\" content=\"summary_large_image\" \/>\n<meta name=\"twitter:label1\" content=\"Tiempo de lectura\" \/>\n\t<meta name=\"twitter:data1\" content=\"3 minutos\" \/>\n<script type=\"application\/ld+json\" class=\"yoast-schema-graph\">{\"@context\":\"https:\\\/\\\/schema.org\",\"@graph\":[{\"@type\":\"WebPage\",\"@id\":\"https:\\\/\\\/www.provence4u.com\\\/es\\\/informacion\\\/descubrimientos\\\/\",\"url\":\"https:\\\/\\\/www.provence4u.com\\\/es\\\/informacion\\\/descubrimientos\\\/\",\"name\":\"Descubre los mercados, festivales y exposiciones de artesan\u00eda de los pueblos\",\"isPartOf\":{\"@id\":\"https:\\\/\\\/www.provence4u.com\\\/es\\\/#website\"},\"datePublished\":\"2024-03-25T14:15:30+00:00\",\"dateModified\":\"2024-08-26T11:11:35+00:00\",\"description\":\"Descubre los mercados y festivales de los pueblos, las exposiciones de artesan\u00eda, las playas de la Costa Azul y el Ca\u00f1\u00f3n del Verdon, a las puertas de los Alpes.\",\"breadcrumb\":{\"@id\":\"https:\\\/\\\/www.provence4u.com\\\/es\\\/informacion\\\/descubrimientos\\\/#breadcrumb\"},\"inLanguage\":\"es\",\"potentialAction\":[{\"@type\":\"ReadAction\",\"target\":[\"https:\\\/\\\/www.provence4u.com\\\/es\\\/informacion\\\/descubrimientos\\\/\"]}]},{\"@type\":\"BreadcrumbList\",\"@id\":\"https:\\\/\\\/www.provence4u.com\\\/es\\\/informacion\\\/descubrimientos\\\/#breadcrumb\",\"itemListElement\":[{\"@type\":\"ListItem\",\"position\":1,\"name\":\"Home\",\"item\":\"https:\\\/\\\/www.provence4u.com\\\/es\\\/inicio\\\/\"},{\"@type\":\"ListItem\",\"position\":2,\"name\":\"Infor\u00adma\u00adci\u00f3n\",\"item\":\"https:\\\/\\\/www.provence4u.com\\\/es\\\/informacion\\\/\"},{\"@type\":\"ListItem\",\"position\":3,\"name\":\"Des\u00adcubrim\u00adien\u00adtos\"}]},{\"@type\":\"WebSite\",\"@id\":\"https:\\\/\\\/www.provence4u.com\\\/es\\\/#website\",\"url\":\"https:\\\/\\\/www.provence4u.com\\\/es\\\/\",\"name\":\"Une Campagne en Provence\",\"description\":\"Bed and Breakfast\",\"publisher\":{\"@id\":\"https:\\\/\\\/www.provence4u.com\\\/es\\\/#organization\"},\"potentialAction\":[{\"@type\":\"SearchAction\",\"target\":{\"@type\":\"EntryPoint\",\"urlTemplate\":\"https:\\\/\\\/www.provence4u.com\\\/es\\\/?s={search_term_string}\"},\"query-input\":{\"@type\":\"PropertyValueSpecification\",\"valueRequired\":true,\"valueName\":\"search_term_string\"}}],\"inLanguage\":\"es\"},{\"@type\":\"Organization\",\"@id\":\"https:\\\/\\\/www.provence4u.com\\\/es\\\/#organization\",\"name\":\"Une Campagne en Provence\",\"url\":\"https:\\\/\\\/www.provence4u.com\\\/es\\\/\",\"logo\":{\"@type\":\"ImageObject\",\"inLanguage\":\"es\",\"@id\":\"https:\\\/\\\/www.provence4u.com\\\/es\\\/#\\\/schema\\\/logo\\\/image\\\/\",\"url\":\"https:\\\/\\\/www.provence4u.com\\\/wp-content\\\/uploads\\\/2024\\\/01\\\/Logo-black.svg\",\"contentUrl\":\"https:\\\/\\\/www.provence4u.com\\\/wp-content\\\/uploads\\\/2024\\\/01\\\/Logo-black.svg\",\"width\":1,\"height\":1,\"caption\":\"Une Campagne en Provence\"},\"image\":{\"@id\":\"https:\\\/\\\/www.provence4u.com\\\/es\\\/#\\\/schema\\\/logo\\\/image\\\/\"},\"sameAs\":[\"https:\\\/\\\/www.facebook.com\\\/provencerelax\",\"https:\\\/\\\/www.pinterest.de\\\/fussler\\\/une-campagne-en-provence\\\/\"]}]}<\/script>\n<!-- \/ Yoast SEO plugin. -->","yoast_head_json":{"title":"Descubre los mercados, festivales y exposiciones de artesan\u00eda de los pueblos","description":"Descubre los mercados y festivales de los pueblos, las exposiciones de artesan\u00eda, las playas de la Costa Azul y el Ca\u00f1\u00f3n del Verdon, a las puertas de los Alpes.","robots":{"index":"index","follow":"follow","max-snippet":"max-snippet:-1","max-image-preview":"max-image-preview:large","max-video-preview":"max-video-preview:-1"},"canonical":"https:\/\/www.provence4u.com\/es\/informacion\/descubrimientos\/","og_locale":"es_ES","og_type":"article","og_title":"Descubre los mercados, festivales y exposiciones de artesan\u00eda de los pueblos","og_description":"Descubre los mercados y festivales de los pueblos, las exposiciones de artesan\u00eda, las playas de la Costa Azul y el Ca\u00f1\u00f3n del Verdon, a las puertas de los Alpes.","og_url":"https:\/\/www.provence4u.com\/es\/informacion\/descubrimientos\/","og_site_name":"Une Campagne en Provence","article_publisher":"https:\/\/www.facebook.com\/provencerelax","article_modified_time":"2024-08-26T11:11:35+00:00","og_image":[{"width":1920,"height":1100,"url":"https:\/\/www.provence4u.com\/wp-content\/uploads\/2024\/02\/Une-Campagne-en-Provence.jpg","type":"image\/jpeg"}],"twitter_card":"summary_large_image","twitter_misc":{"Tiempo de lectura":"3 minutos"},"schema":{"@context":"https:\/\/schema.org","@graph":[{"@type":"WebPage","@id":"https:\/\/www.provence4u.com\/es\/informacion\/descubrimientos\/","url":"https:\/\/www.provence4u.com\/es\/informacion\/descubrimientos\/","name":"Descubre los mercados, festivales y exposiciones de artesan\u00eda de los pueblos","isPartOf":{"@id":"https:\/\/www.provence4u.com\/es\/#website"},"datePublished":"2024-03-25T14:15:30+00:00","dateModified":"2024-08-26T11:11:35+00:00","description":"Descubre los mercados y festivales de los pueblos, las exposiciones de artesan\u00eda, las playas de la Costa Azul y el Ca\u00f1\u00f3n del Verdon, a las puertas de los Alpes.","breadcrumb":{"@id":"https:\/\/www.provence4u.com\/es\/informacion\/descubrimientos\/#breadcrumb"},"inLanguage":"es","potentialAction":[{"@type":"ReadAction","target":["https:\/\/www.provence4u.com\/es\/informacion\/descubrimientos\/"]}]},{"@type":"BreadcrumbList","@id":"https:\/\/www.provence4u.com\/es\/informacion\/descubrimientos\/#breadcrumb","itemListElement":[{"@type":"ListItem","position":1,"name":"Home","item":"https:\/\/www.provence4u.com\/es\/inicio\/"},{"@type":"ListItem","position":2,"name":"Infor\u00adma\u00adci\u00f3n","item":"https:\/\/www.provence4u.com\/es\/informacion\/"},{"@type":"ListItem","position":3,"name":"Des\u00adcubrim\u00adien\u00adtos"}]},{"@type":"WebSite","@id":"https:\/\/www.provence4u.com\/es\/#website","url":"https:\/\/www.provence4u.com\/es\/","name":"Une Campagne en Provence","description":"Bed and Breakfast","publisher":{"@id":"https:\/\/www.provence4u.com\/es\/#organization"},"potentialAction":[{"@type":"SearchAction","target":{"@type":"EntryPoint","urlTemplate":"https:\/\/www.provence4u.com\/es\/?s={search_term_string}"},"query-input":{"@type":"PropertyValueSpecification","valueRequired":true,"valueName":"search_term_string"}}],"inLanguage":"es"},{"@type":"Organization","@id":"https:\/\/www.provence4u.com\/es\/#organization","name":"Une Campagne en Provence","url":"https:\/\/www.provence4u.com\/es\/","logo":{"@type":"ImageObject","inLanguage":"es","@id":"https:\/\/www.provence4u.com\/es\/#\/schema\/logo\/image\/","url":"https:\/\/www.provence4u.com\/wp-content\/uploads\/2024\/01\/Logo-black.svg","contentUrl":"https:\/\/www.provence4u.com\/wp-content\/uploads\/2024\/01\/Logo-black.svg","width":1,"height":1,"caption":"Une Campagne en Provence"},"image":{"@id":"https:\/\/www.provence4u.com\/es\/#\/schema\/logo\/image\/"},"sameAs":["https:\/\/www.facebook.com\/provencerelax","https:\/\/www.pinterest.de\/fussler\/une-campagne-en-provence\/"]}]}},"_links":{"self":[{"href":"https:\/\/www.provence4u.com\/es\/wp-json\/wp\/v2\/pages\/8736","targetHints":{"allow":["GET"]}}],"collection":[{"href":"https:\/\/www.provence4u.com\/es\/wp-json\/wp\/v2\/pages"}],"about":[{"href":"https:\/\/www.provence4u.com\/es\/wp-json\/wp\/v2\/types\/page"}],"author":[{"embeddable":true,"href":"https:\/\/www.provence4u.com\/es\/wp-json\/wp\/v2\/users\/1"}],"replies":[{"embeddable":true,"href":"https:\/\/www.provence4u.com\/es\/wp-json\/wp\/v2\/comments?post=8736"}],"version-history":[{"count":9,"href":"https:\/\/www.provence4u.com\/es\/wp-json\/wp\/v2\/pages\/8736\/revisions"}],"predecessor-version":[{"id":9940,"href":"https:\/\/www.provence4u.com\/es\/wp-json\/wp\/v2\/pages\/8736\/revisions\/9940"}],"up":[{"embeddable":true,"href":"https:\/\/www.provence4u.com\/es\/wp-json\/wp\/v2\/pages\/9435"}],"wp:attachment":[{"href":"https:\/\/www.provence4u.com\/es\/wp-json\/wp\/v2\/media?parent=8736"}],"wp:term":[{"taxonomy":"dipi_cpt_category","embeddable":true,"href":"https:\/\/www.provence4u.com\/es\/wp-json\/wp\/v2\/dipi_cpt_category?post=8736"}],"curies":[{"name":"wp","href":"https:\/\/api.w.org\/{rel}","templated":true}]}}