{"id":9435,"date":"2024-03-22T22:05:47","date_gmt":"2024-03-22T21:05:47","guid":{"rendered":"https:\/\/www.provence4u.com\/informacion\/"},"modified":"2024-07-29T13:42:07","modified_gmt":"2024-07-29T11:42:07","slug":"informacion","status":"publish","type":"page","link":"https:\/\/www.provence4u.com\/es\/informacion\/","title":{"rendered":"Informaci\u00f3n"},"content":{"rendered":"<p>[et_pb_section fb_built=\u201c1\u201d custom_padding_last_edited=\u201con|phone\u201d _builder_version=\u201c4.24.2\u201d _module_preset=\u201cdefault\u201d background_image=\u201chttps:\/\/www.provence4u.com\/wp-content\/uploads\/2024\/03\/20230615_071015.jpg\u201d custom_margin=\u201d||||false|false\u201d custom_margin_tablet=\u201d||||false|false\u201d custom_margin_phone=\u201d||||false|false\u201d custom_margin_last_edited=\u201con|desktop\u201d custom_padding=\u201c300px||300px||true|false\u201d custom_padding_tablet=\u201c150px||150px||false|false\u201d custom_padding_phone=\u201c150px||150px||true|false\u201d locked=\u201coff\u201d global_colors_info=\u201d{}\u201d][\/et_pb_section][et_pb_section fb_built=\u201c1\u201d _builder_version=\u201c4.20.2\u201d _module_preset=\u201cdefault\u201d global_colors_info=\u201d{}\u201d][et_pb_row column_structure=\u201c3_5,2_5\u201d use_custom_gutter=\u201con\u201d gutter_width=\u201c2\u201d make_equal=\u201con\u201d module_id=\u201creverse-columns\u201d module_class=\u201creverse-columns\u201d _builder_version=\u201c4.24.2\u201d _module_preset=\u201cdefault\u201d custom_margin=\u201d-300px||50px||false|false\u201d custom_margin_tablet=\u201c0px||||false|false\u201d custom_margin_phone=\u201c0px||||false|false\u201d custom_margin_last_edited=\u201con|tablet\u201d custom_css_main_element=\u201calign-items: flex-end;\u201d global_colors_info=\u201d{}\u201d][et_pb_column type=\u201c3_5\u201d _builder_version=\u201c4.24.2\u201d _module_preset=\u201cdefault\u201d background_color=\u201c#f6f5f1\u201d custom_padding=\u201c50px|50px|50px|50px|true|true\u201d custom_padding_tablet=\u201c30px|30px|30px|30px|true|true\u201d custom_padding_phone=\u201c20px|20px|20px|20px|true|true\u201d custom_padding_last_edited=\u201con|tablet\u201d border_radii=\u201con|5px|5px|5px|5px\u201d box_shadow_style=\u201cpreset1\u201d box_shadow_blur=\u201c30px\u201d box_shadow_color=\u201crgba(0,0,0,0.16)\u201d global_colors_info=\u201d{}\u201d][et_pb_text _builder_version=\u201c4.24.2\u201d _module_preset=\u201cdefault\u201d text_font=\u201d||||||||\u201d header_2_font=\u201cIbarra Real Nova|500|||||||\u201d header_2_text_align=\u201ccenter\u201d header_2_text_color=\u201c#e5c8a0\u201d header_2_font_size=\u201c80px\u201d header_2_letter_spacing=\u201d-2px\u201d custom_margin=\u201d||||false|false\u201d custom_margin_tablet=\u201d\u201d custom_margin_phone=\u201c30px||||false|false\u201d custom_margin_last_edited=\u201con|phone\u201d header_2_font_size_tablet=\u201d\u201d header_2_font_size_phone=\u201c50px\u201d header_2_font_size_last_edited=\u201con|phone\u201d global_colors_info=\u201d{}\u201d]<\/p>\n<h2>Informaci\u00f3n<\/h2>\n<p>[\/et_pb_text][et_pb_text _builder_version=\u201c4.24.2\u201d _module_preset=\u201cdefault\u201d text_line_height=\u201c1.75em\u201d text_font_size_tablet=\u201d\u201d text_font_size_phone=\u201d\u201d text_font_size_last_edited=\u201con|phone\u201d global_colors_info=\u201d{}\u201d]<\/p>\n<p><strong>Vaca\u00adciones cuidan\u00addo el medio ambi\u00adente<\/strong><\/p>\n<p>Con una gran fin\u00adca a bue\u00adna dis\u00adtan\u00adcia de cualquier pueblo y car\u00adretera prin\u00adci\u00adpal, esta\u00admos ale\u00adja\u00addos de las moles\u00adtias y la con\u00adt\u00ada\u00adm\u00adi\u00adnaci\u00f3n habit\u00aduales.<\/p>\n<p>Pero ten\u00ademos cuida\u00addo de no crear los nue\u00adstros pro\u00adpios.<\/p>\n<p>[\/et_pb_text][\/et_pb_column][et_pb_column type=\u201c2_5\u201d _builder_version=\u201c4.24.2\u201d _module_preset=\u201cdefault\u201d custom_padding_tablet=\u201c60px||||false|false\u201d custom_padding_phone=\u201c50px||||false|false\u201d custom_padding_last_edited=\u201con|phone\u201d global_colors_info=\u201d{}\u201d][\/et_pb_column][\/et_pb_row][et_pb_row _builder_version=\u201c4.25.2\u201d _module_preset=\u201cdefault\u201d custom_padding=\u201c0px||||false|false\u201d hover_enabled=\u201c0\u201d locked=\u201coff\u201d global_colors_info=\u201d{}\u201d width=\u201c100%\u201d sticky_enabled=\u201c0\u201d][et_pb_column type=\u201c4_4\u201d _builder_version=\u201c4.24.2\u201d _module_preset=\u201cdefault\u201d global_colors_info=\u201d{}\u201d][et_pb_image src=\u201chttps:\/\/www.provence4u.com\/wp-content\/uploads\/2024\/03\/environment.jpg\u201d title_text=\u201cmedio ambi\u00adente\u201d _builder_version=\u201c4.24.2\u201d _module_preset=\u201cdefault\u201d global_colors_info=\u201d{}\u201d][\/et_pb_image][\/et_pb_column][\/et_pb_row][et_pb_row column_structure=\u201c1_5,3_5,1_5\u201d _builder_version=\u201c4.24.2\u201d _module_preset=\u201cdefault\u201d custom_margin=\u201d||||false|false\u201d custom_padding=\u201c20px||60px||false|false\u201d locked=\u201coff\u201d global_colors_info=\u201d{}\u201d][et_pb_column type=\u201c1_5\u201d _builder_version=\u201c4.20.2\u201d _module_preset=\u201cdefault\u201d global_colors_info=\u201d{}\u201d][\/et_pb_column][et_pb_column type=\u201c3_5\u201d _builder_version=\u201c4.20.2\u201d _module_preset=\u201cdefault\u201d global_colors_info=\u201d{}\u201d][et_pb_text _builder_version=\u201c4.24.2\u201d _module_preset=\u201cdefault\u201d text_line_height=\u201c1.75em\u201d text_font_size_tablet=\u201d\u201d text_font_size_phone=\u201d\u201d text_font_size_last_edited=\u201con|phone\u201d global_colors_info=\u201d{}\u201d]<\/p>\n<p>En la gesti\u00f3n del agua, la energ\u00eda, los sum\u00adin\u00adistros y resid\u00adu\u00ados, la agri\u00adcul\u00adtura y la sil\u00advi\u00adcul\u00adtura, y el tr\u00e1\u00adfi\u00adco, siem\u00adpre bus\u00adcamos pro\u00adte\u00adger y mejo\u00adrar nue\u00adstro paisaje y su bio\u00addi\u00adver\u00adsi\u00addad.<\/p>\n<p>Nue\u00adstro planteamien\u00adto est\u00e1 recono\u00adci\u00addo por la eti\u00adque\u00adta ecol\u00f3g\u00adi\u00adca euro\u00adpea, los L\u00edderes Verdes de Tri\u00adpAd\u00advi\u00adsor y desta\u00adca\u00addo en la gu\u00eda Go Slow France de Alas\u00adtair Saw\u00addays.<\/p>\n<p>Y los resul\u00adta\u00addos los dis\u00adfru\u00adtan nue\u00adstros hu\u00e9s\u00adpedes.<\/p>\n<p>[\/et_pb_text][\/et_pb_column][et_pb_column type=\u201c1_5\u201d _builder_version=\u201c4.20.2\u201d _module_preset=\u201cdefault\u201d global_colors_info=\u201d{}\u201d][\/et_pb_column][\/et_pb_row][et_pb_row column_structure=\u201c1_2,1_2\u201d use_custom_gutter=\u201con\u201d gutter_width=\u201c2\u201d make_equal=\u201con\u201d custom_padding_last_edited=\u201con|phone\u201d _builder_version=\u201c4.24.3\u201d _module_preset=\u201cdefault\u201d background_color=\u201d#57398C\u201d background_enable_image=\u201coff\u201d custom_padding=\u201c30px|30px|30px|30px|true|true\u201d custom_padding_tablet=\u201c30px|30px|30px|30px|true|true\u201d custom_padding_phone=\u201c20px|20px|20px|20px|true|true\u201d background_color_tablet=\u201d#57398C\u201d background_last_edited=\u201con|desktop\u201d background_enable_color_tablet=\u201con\u201d background_enable_image_tablet=\u201coff\u201d locked=\u201coff\u201d global_colors_info=\u201d{}\u201d][et_pb_column type=\u201c1_2\u201d _builder_version=\u201c4.24.2\u201d _dynamic_attributes=\u201clink_option_url\u201d _module_preset=\u201cdefault\u201d background_color=\u201d#FFFFFF\u201d background_enable_image=\u201coff\u201d custom_padding=\u201c60px|50px|40px|50px|false|true\u201d custom_padding_tablet=\u201c60px|50px|40px|50px|false|true\u201d custom_padding_phone=\u201c30px|20px|20px|20px|false|true\u201d custom_padding_last_edited=\u201con|phone\u201d link_option_url=\u201d@ET-DC@eyJkeW5hbWljIjp0cnVlLCJjb250ZW50IjoicG9zdF9saW5rX3VybF9wYWdlIiwic2V0dGluZ3MiOnsicG9zdF9pZCI6IjU1ODgiLCJlbmFibGVfaHRtbCI6Im9mZiJ9fQ==@\u201d global_colors_info=\u201d{}\u201d background__hover_enabled=\u201con|hover\u201d background_color__hover=\u201c#D5BA94\u201d background_enable_color__hover=\u201con\u201d background_image__hover=\u201chttps:\/\/www.provence4u.com\/wp-content\/uploads\/2024\/03\/activities-2-wide-1024x543.jpg\u201d background_enable_image__hover=\u201con\u201d background_blend__hover=\u201cscreen\u201d parallax__hover=\u201coff\u201d background_size__hover=\u201ccover\u201d background_position__hover=\u201ccenter\u201d][et_pb_blurb title=\u201cDescubrimientos\u201d image=\u201chttps:\/\/www.provence4u.com\/wp-content\/uploads\/2024\/03\/calendar.svg\u201d image_icon_width=\u201c75px\u201d icon_alignment=\u201cleft\u201d _builder_version=\u201c4.25.1\u201d _module_preset=\u201cdefault\u201d header_font=\u201d||||||||\u201d header_text_color=\u201c#000000\u201d header_font_size=\u201c25px\u201d body_font=\u201d||||||||\u201d body_text_color=\u201c#919191\u201d body_font_size=\u201c15px\u201d body_line_height=\u201c1.8em\u201d custom_margin=\u201d||10px||false|false\u201d header_font_size_tablet=\u201c22px\u201d header_font_size_phone=\u201c20px\u201d header_font_size_last_edited=\u201con|phone\u201d global_colors_info=\u201d{}\u201d image_icon_background_color__hover_enabled=\u201con|hover\u201d image_icon_background_color__hover=\u201d\u201d background_layout__hover_enabled=\u201con|hover\u201d header_text_color__hover_enabled=\u201con|desktop\u201d header_text_color__hover=\u201c\u201d][\/et_pb_blurb][et_pb_text _builder_version=\u201c4.25.1\u201d _module_preset=\u201cdefault\u201d text_font=\u201d||||||||\u201d text_text_color=\u201c#000000\u201d text_line_height=\u201c1.75em\u201d global_colors_info=\u201d{}\u201d]<\/p>\n<p>La Proven\u00adza y el Var son una tier\u00adra de ale\u00adgr\u00eda de vivir y belleza. Te ayu\u00addare\u00admos a ele\u00adgir des\u00adcubrim\u00adien\u00adtos inolvid\u00adables.<\/p>\n<p>[\/et_pb_text][et_pb_icon font_icon=\u201c$||divi||400\u201d icon_color=\u201c#000000\u201d icon_width=\u201c30px\u201d align=\u201cleft\u201d _builder_version=\u201c4.24.0\u201d _module_preset=\u201cdefault\u201d global_colors_info=\u201d{}\u201d icon_color__hover_enabled=\u201con|hover\u201d icon_color__hover=\u201d#57398C\u201d][\/et_pb_icon][\/et_pb_column][et_pb_column type=\u201c1_2\u201d _builder_version=\u201c4.24.2\u201d _dynamic_attributes=\u201clink_option_url\u201d _module_preset=\u201cdefault\u201d background_color=\u201d#FFFFFF\u201d custom_padding=\u201c60px|50px|40px|50px|false|true\u201d custom_padding_tablet=\u201c60px|50px|40px|50px|false|true\u201d custom_padding_phone=\u201c30px|20px|20px|20px|false|true\u201d custom_padding_last_edited=\u201con|phone\u201d link_option_url=\u201d@ET-DC@eyJkeW5hbWljIjp0cnVlLCJjb250ZW50IjoicG9zdF9saW5rX3VybF9wYWdlIiwic2V0dGluZ3MiOnsicG9zdF9pZCI6IjUzMTciLCJlbmFibGVfaHRtbCI6Im9mZiJ9fQ==@\u201d global_colors_info=\u201d{}\u201d background__hover_enabled=\u201con|hover\u201d background_color__hover=\u201c#D5BA94\u201d background_enable_color__hover=\u201con\u201d background_image__hover=\u201chttps:\/\/www.provence4u.com\/wp-content\/uploads\/2024\/03\/guest-book.jpg\u201d background_enable_image__hover=\u201con\u201d background_blend__hover=\u201cscreen\u201d][et_pb_blurb title=\u201cLibro de vis\u00adi\u00adtas\u201d image=\u201chttps:\/\/www.provence4u.com\/wp-content\/uploads\/2024\/03\/guest-book.svg\u201d image_icon_width=\u201c75px\u201d icon_alignment=\u201cleft\u201d _builder_version=\u201c4.24.2\u201d _module_preset=\u201cdefault\u201d header_font=\u201d||||||||\u201d header_text_color=\u201c#000000\u201d header_font_size=\u201c25px\u201d body_font=\u201d||||||||\u201d body_text_color=\u201c#919191\u201d body_font_size=\u201c15px\u201d body_line_height=\u201c1.8em\u201d custom_margin=\u201d||10px||false|false\u201d header_font_size_tablet=\u201c22px\u201d header_font_size_phone=\u201c20px\u201d header_font_size_last_edited=\u201con|phone\u201d global_colors_info=\u201d{}\u201d image_icon_background_color__hover_enabled=\u201con|hover\u201d image_icon_background_color__hover=\u201d\u201d background_layout__hover_enabled=\u201con|hover\u201d header_text_color__hover_enabled=\u201con|desktop\u201d header_text_color__hover=\u201c\u201d][\/et_pb_blurb][et_pb_text _builder_version=\u201c4.25.1\u201d _module_preset=\u201cdefault\u201d text_font=\u201d||||||||\u201d text_text_color=\u201c#000000\u201d text_line_height=\u201c1.75em\u201d global_colors_info=\u201d{}\u201d]<\/p>\n<p><span>Com\u00adparte tu opini\u00f3n con nosotros en nue\u00adstro libro de vis\u00adi\u00adtas. Nos gus\u00adta enten\u00adder tus necesi\u00addades vaca\u00adcionales.<\/span><\/p>\n<p>[\/et_pb_text][et_pb_icon font_icon=\u201c$||divi||400\u201d icon_color=\u201c#000000\u201d icon_width=\u201c30px\u201d align=\u201cleft\u201d _builder_version=\u201c4.24.0\u201d _module_preset=\u201cdefault\u201d global_colors_info=\u201d{}\u201d icon_color__hover_enabled=\u201con|hover\u201d icon_color__hover=\u201d#57398C\u201d][\/et_pb_icon][\/et_pb_column][\/et_pb_row][\/et_pb_section]<\/p>\n","protected":false},"excerpt":{"rendered":"<p>Infor\u00adma\u00adci\u00f3n\u00adVa\u00adca\u00adciones cuidan\u00addo el medio ambi\u00adente Con una gran fin\u00adca a bue\u00adna dis\u00adtan\u00adcia de cualquier pueblo y car\u00adretera prin\u00adci\u00adpal, esta\u00admos ale\u00adja\u00addos de las moles\u00adtias y la con\u00adt\u00ada\u00adm\u00adi\u00adnaci\u00f3n habit\u00aduales. Pero ten\u00ademos cuida\u00addo de no crear los nue\u00adstros propios.En la gesti\u00f3n del agua, la energ\u00eda, los sum\u00adin\u00adistros y resid\u00adu\u00ados, la agri\u00adcul\u00adtura y la sil\u00advi\u00adcul\u00adtura, y el tr\u00e1\u00adfi\u00adco, siem\u00adpre [\u2026]<\/p>\n","protected":false},"author":1,"featured_media":0,"parent":0,"menu_order":0,"comment_status":"closed","ping_status":"closed","template":"","meta":{"_et_pb_use_builder":"on","_et_pb_old_content":"","_et_gb_content_width":"","wp_typography_post_enhancements_disabled":false,"footnotes":""},"dipi_cpt_category":[],"class_list":["post-9435","page","type-page","status-publish","hentry"],"yoast_head":"<!-- This site is optimized with the Yoast SEO plugin v27.4 - https:\/\/yoast.com\/product\/yoast-seo-wordpress\/ -->\n<title>Alquiler privado ecol\u00f3gico en Provenza con habitaciones<\/title>\n<meta name=\"description\" content=\"Este alquiler de vacaciones ecol\u00f3gico est\u00e1 recomendado por varias gu\u00edas internacionales y es conocido como casa de hu\u00e9spedes ecol\u00f3gica: Michelin, Alastair Sawday&#039;s, Green Leaders de TripAdvisor.\" \/>\n<meta name=\"robots\" content=\"index, follow, max-snippet:-1, max-image-preview:large, max-video-preview:-1\" \/>\n<link rel=\"canonical\" href=\"https:\/\/www.provence4u.com\/es\/informacion\/\" \/>\n<meta property=\"og:locale\" content=\"es_ES\" \/>\n<meta property=\"og:type\" content=\"article\" \/>\n<meta property=\"og:title\" content=\"Alquiler privado ecol\u00f3gico en Provenza con habitaciones\" \/>\n<meta property=\"og:description\" content=\"Este alquiler de vacaciones ecol\u00f3gico est\u00e1 recomendado por varias gu\u00edas internacionales y es conocido como casa de hu\u00e9spedes ecol\u00f3gica: Michelin, Alastair Sawday&#039;s, Green Leaders de TripAdvisor.\" \/>\n<meta property=\"og:url\" content=\"https:\/\/www.provence4u.com\/es\/informacion\/\" \/>\n<meta property=\"og:site_name\" content=\"Une Campagne en Provence\" \/>\n<meta property=\"article:publisher\" content=\"https:\/\/www.facebook.com\/provencerelax\" \/>\n<meta property=\"article:modified_time\" content=\"2024-07-29T11:42:07+00:00\" \/>\n<meta property=\"og:image\" content=\"https:\/\/www.provence4u.com\/wp-content\/uploads\/2024\/02\/Une-Campagne-en-Provence.jpg\" \/>\n\t<meta property=\"og:image:width\" content=\"1920\" \/>\n\t<meta property=\"og:image:height\" content=\"1100\" \/>\n\t<meta property=\"og:image:type\" content=\"image\/jpeg\" \/>\n<meta name=\"twitter:card\" content=\"summary_large_image\" \/>\n<meta name=\"twitter:label1\" content=\"Tiempo de lectura\" \/>\n\t<meta name=\"twitter:data1\" content=\"7 minutos\" \/>\n<script type=\"application\/ld+json\" class=\"yoast-schema-graph\">{\"@context\":\"https:\\\/\\\/schema.org\",\"@graph\":[{\"@type\":\"WebPage\",\"@id\":\"https:\\\/\\\/www.provence4u.com\\\/es\\\/informacion\\\/\",\"url\":\"https:\\\/\\\/www.provence4u.com\\\/es\\\/informacion\\\/\",\"name\":\"Alquiler privado ecol\u00f3gico en Provenza con habitaciones\",\"isPartOf\":{\"@id\":\"https:\\\/\\\/www.provence4u.com\\\/es\\\/#website\"},\"datePublished\":\"2024-03-22T21:05:47+00:00\",\"dateModified\":\"2024-07-29T11:42:07+00:00\",\"description\":\"Este alquiler de vacaciones ecol\u00f3gico est\u00e1 recomendado por varias gu\u00edas internacionales y es conocido como casa de hu\u00e9spedes ecol\u00f3gica: Michelin, Alastair Sawday's, Green Leaders de TripAdvisor.\",\"breadcrumb\":{\"@id\":\"https:\\\/\\\/www.provence4u.com\\\/es\\\/informacion\\\/#breadcrumb\"},\"inLanguage\":\"es\",\"potentialAction\":[{\"@type\":\"ReadAction\",\"target\":[\"https:\\\/\\\/www.provence4u.com\\\/es\\\/informacion\\\/\"]}]},{\"@type\":\"BreadcrumbList\",\"@id\":\"https:\\\/\\\/www.provence4u.com\\\/es\\\/informacion\\\/#breadcrumb\",\"itemListElement\":[{\"@type\":\"ListItem\",\"position\":1,\"name\":\"Home\",\"item\":\"https:\\\/\\\/www.provence4u.com\\\/es\\\/inicio\\\/\"},{\"@type\":\"ListItem\",\"position\":2,\"name\":\"Infor\u00adma\u00adci\u00f3n\"}]},{\"@type\":\"WebSite\",\"@id\":\"https:\\\/\\\/www.provence4u.com\\\/es\\\/#website\",\"url\":\"https:\\\/\\\/www.provence4u.com\\\/es\\\/\",\"name\":\"Une Campagne en Provence\",\"description\":\"Bed and Breakfast\",\"publisher\":{\"@id\":\"https:\\\/\\\/www.provence4u.com\\\/es\\\/#organization\"},\"potentialAction\":[{\"@type\":\"SearchAction\",\"target\":{\"@type\":\"EntryPoint\",\"urlTemplate\":\"https:\\\/\\\/www.provence4u.com\\\/es\\\/?s={search_term_string}\"},\"query-input\":{\"@type\":\"PropertyValueSpecification\",\"valueRequired\":true,\"valueName\":\"search_term_string\"}}],\"inLanguage\":\"es\"},{\"@type\":\"Organization\",\"@id\":\"https:\\\/\\\/www.provence4u.com\\\/es\\\/#organization\",\"name\":\"Une Campagne en Provence\",\"url\":\"https:\\\/\\\/www.provence4u.com\\\/es\\\/\",\"logo\":{\"@type\":\"ImageObject\",\"inLanguage\":\"es\",\"@id\":\"https:\\\/\\\/www.provence4u.com\\\/es\\\/#\\\/schema\\\/logo\\\/image\\\/\",\"url\":\"https:\\\/\\\/www.provence4u.com\\\/wp-content\\\/uploads\\\/2024\\\/01\\\/Logo-black.svg\",\"contentUrl\":\"https:\\\/\\\/www.provence4u.com\\\/wp-content\\\/uploads\\\/2024\\\/01\\\/Logo-black.svg\",\"width\":1,\"height\":1,\"caption\":\"Une Campagne en Provence\"},\"image\":{\"@id\":\"https:\\\/\\\/www.provence4u.com\\\/es\\\/#\\\/schema\\\/logo\\\/image\\\/\"},\"sameAs\":[\"https:\\\/\\\/www.facebook.com\\\/provencerelax\",\"https:\\\/\\\/www.pinterest.de\\\/fussler\\\/une-campagne-en-provence\\\/\"]}]}<\/script>\n<!-- \/ Yoast SEO plugin. -->","yoast_head_json":{"title":"Alquiler privado ecol\u00f3gico en Provenza con habitaciones","description":"Este alquiler de vacaciones ecol\u00f3gico est\u00e1 recomendado por varias gu\u00edas internacionales y es conocido como casa de hu\u00e9spedes ecol\u00f3gica: Michelin, Alastair Sawday's, Green Leaders de TripAdvisor.","robots":{"index":"index","follow":"follow","max-snippet":"max-snippet:-1","max-image-preview":"max-image-preview:large","max-video-preview":"max-video-preview:-1"},"canonical":"https:\/\/www.provence4u.com\/es\/informacion\/","og_locale":"es_ES","og_type":"article","og_title":"Alquiler privado ecol\u00f3gico en Provenza con habitaciones","og_description":"Este alquiler de vacaciones ecol\u00f3gico est\u00e1 recomendado por varias gu\u00edas internacionales y es conocido como casa de hu\u00e9spedes ecol\u00f3gica: Michelin, Alastair Sawday's, Green Leaders de TripAdvisor.","og_url":"https:\/\/www.provence4u.com\/es\/informacion\/","og_site_name":"Une Campagne en Provence","article_publisher":"https:\/\/www.facebook.com\/provencerelax","article_modified_time":"2024-07-29T11:42:07+00:00","og_image":[{"width":1920,"height":1100,"url":"https:\/\/www.provence4u.com\/wp-content\/uploads\/2024\/02\/Une-Campagne-en-Provence.jpg","type":"image\/jpeg"}],"twitter_card":"summary_large_image","twitter_misc":{"Tiempo de lectura":"7 minutos"},"schema":{"@context":"https:\/\/schema.org","@graph":[{"@type":"WebPage","@id":"https:\/\/www.provence4u.com\/es\/informacion\/","url":"https:\/\/www.provence4u.com\/es\/informacion\/","name":"Alquiler privado ecol\u00f3gico en Provenza con habitaciones","isPartOf":{"@id":"https:\/\/www.provence4u.com\/es\/#website"},"datePublished":"2024-03-22T21:05:47+00:00","dateModified":"2024-07-29T11:42:07+00:00","description":"Este alquiler de vacaciones ecol\u00f3gico est\u00e1 recomendado por varias gu\u00edas internacionales y es conocido como casa de hu\u00e9spedes ecol\u00f3gica: Michelin, Alastair Sawday's, Green Leaders de TripAdvisor.","breadcrumb":{"@id":"https:\/\/www.provence4u.com\/es\/informacion\/#breadcrumb"},"inLanguage":"es","potentialAction":[{"@type":"ReadAction","target":["https:\/\/www.provence4u.com\/es\/informacion\/"]}]},{"@type":"BreadcrumbList","@id":"https:\/\/www.provence4u.com\/es\/informacion\/#breadcrumb","itemListElement":[{"@type":"ListItem","position":1,"name":"Home","item":"https:\/\/www.provence4u.com\/es\/inicio\/"},{"@type":"ListItem","position":2,"name":"Infor\u00adma\u00adci\u00f3n"}]},{"@type":"WebSite","@id":"https:\/\/www.provence4u.com\/es\/#website","url":"https:\/\/www.provence4u.com\/es\/","name":"Une Campagne en Provence","description":"Bed and Breakfast","publisher":{"@id":"https:\/\/www.provence4u.com\/es\/#organization"},"potentialAction":[{"@type":"SearchAction","target":{"@type":"EntryPoint","urlTemplate":"https:\/\/www.provence4u.com\/es\/?s={search_term_string}"},"query-input":{"@type":"PropertyValueSpecification","valueRequired":true,"valueName":"search_term_string"}}],"inLanguage":"es"},{"@type":"Organization","@id":"https:\/\/www.provence4u.com\/es\/#organization","name":"Une Campagne en Provence","url":"https:\/\/www.provence4u.com\/es\/","logo":{"@type":"ImageObject","inLanguage":"es","@id":"https:\/\/www.provence4u.com\/es\/#\/schema\/logo\/image\/","url":"https:\/\/www.provence4u.com\/wp-content\/uploads\/2024\/01\/Logo-black.svg","contentUrl":"https:\/\/www.provence4u.com\/wp-content\/uploads\/2024\/01\/Logo-black.svg","width":1,"height":1,"caption":"Une Campagne en Provence"},"image":{"@id":"https:\/\/www.provence4u.com\/es\/#\/schema\/logo\/image\/"},"sameAs":["https:\/\/www.facebook.com\/provencerelax","https:\/\/www.pinterest.de\/fussler\/une-campagne-en-provence\/"]}]}},"_links":{"self":[{"href":"https:\/\/www.provence4u.com\/es\/wp-json\/wp\/v2\/pages\/9435","targetHints":{"allow":["GET"]}}],"collection":[{"href":"https:\/\/www.provence4u.com\/es\/wp-json\/wp\/v2\/pages"}],"about":[{"href":"https:\/\/www.provence4u.com\/es\/wp-json\/wp\/v2\/types\/page"}],"author":[{"embeddable":true,"href":"https:\/\/www.provence4u.com\/es\/wp-json\/wp\/v2\/users\/1"}],"replies":[{"embeddable":true,"href":"https:\/\/www.provence4u.com\/es\/wp-json\/wp\/v2\/comments?post=9435"}],"version-history":[{"count":4,"href":"https:\/\/www.provence4u.com\/es\/wp-json\/wp\/v2\/pages\/9435\/revisions"}],"predecessor-version":[{"id":9855,"href":"https:\/\/www.provence4u.com\/es\/wp-json\/wp\/v2\/pages\/9435\/revisions\/9855"}],"wp:attachment":[{"href":"https:\/\/www.provence4u.com\/es\/wp-json\/wp\/v2\/media?parent=9435"}],"wp:term":[{"taxonomy":"dipi_cpt_category","embeddable":true,"href":"https:\/\/www.provence4u.com\/es\/wp-json\/wp\/v2\/dipi_cpt_category?post=9435"}],"curies":[{"name":"wp","href":"https:\/\/api.w.org\/{rel}","templated":true}]}}